{"id":91,"date":"2018-06-02T09:38:04","date_gmt":"2018-06-02T09:38:04","guid":{"rendered":"http:\/\/praxis-hujer.de\/?page_id=91"},"modified":"2026-02-01T13:11:03","modified_gmt":"2026-02-01T13:11:03","slug":"rezeptwuensche","status":"publish","type":"page","link":"https:\/\/praxis-hujer.de\/fr\/rezeptwuensche\/","title":{"rendered":"Demandes de recettes et de remises"},"content":{"rendered":"<p>En tant que service pour nos patients dont les m\u00e9dicaments sont connus, nous offrons la possibilit\u00e9 d'envoyer \u00e0 l'avance des demandes d'ordonnances r\u00e9p\u00e9t\u00e9es ou de r\u00e9f\u00e9rences par les canaux suivants :<\/p>\n<ul>\n<li>Bitte kontaktieren Sie uns nur noch \u00fcber unsere Online Rezeption<\/li>\n<\/ul>\n<p>&nbsp;<\/p>","protected":false},"excerpt":{"rendered":"<p class=\"qua-blog-post-description\">Als Service f\u00fcr unsere Patienten mit bekannter Medikation bieten wir die M\u00f6glichkeit W\u00fcnsche f\u00fcr Wiederholungsrezepte oder \u00dcberweisungen \u00fcber folgende Wege vorab zu \u00fcbermitteln: Bitte kontaktieren Sie uns nur noch \u00fcber unsere Online Rezeption &nbsp;<\/p>","protected":false},"author":1,"featured_media":0,"parent":0,"menu_order":0,"comment_status":"closed","ping_status":"closed","template":"","meta":{"footnotes":""},"class_list":["post-91","page","type-page","status-publish","hentry"],"yoast_head":"<!-- This site is optimized with the Yoast SEO plugin v24.1 - https:\/\/yoast.com\/wordpress\/plugins\/seo\/ -->\n<title>Rezept- und \u00dcberweisungsw\u00fcnsche | Hausarztpraxis Hujer<\/title>\n<meta name=\"robots\" content=\"index, follow, max-snippet:-1, max-image-preview:large, max-video-preview:-1\" \/>\n<link rel=\"canonical\" href=\"https:\/\/praxis-hujer.de\/fr\/rezeptwuensche\/\" \/>\n<meta property=\"og:locale\" content=\"fr_FR\" \/>\n<meta property=\"og:type\" content=\"article\" \/>\n<meta property=\"og:title\" content=\"Rezept- und \u00dcberweisungsw\u00fcnsche | Hausarztpraxis Hujer\" \/>\n<meta property=\"og:description\" content=\"Als Service f\u00fcr unsere Patienten mit bekannter Medikation bieten wir die M\u00f6glichkeit W\u00fcnsche f\u00fcr Wiederholungsrezepte oder \u00dcberweisungen \u00fcber folgende Wege vorab zu \u00fcbermitteln: Bitte kontaktieren Sie uns nur noch \u00fcber unsere Online Rezeption &nbsp;\" \/>\n<meta property=\"og:url\" content=\"https:\/\/praxis-hujer.de\/fr\/rezeptwuensche\/\" \/>\n<meta property=\"og:site_name\" content=\"Hausarztpraxis Hujer\" \/>\n<meta property=\"article:modified_time\" content=\"2026-02-01T13:11:03+00:00\" \/>\n<meta name=\"twitter:card\" content=\"summary_large_image\" \/>\n<!-- \/ Yoast SEO plugin. -->","yoast_head_json":{"title":"Rezept- und \u00dcberweisungsw\u00fcnsche | Hausarztpraxis Hujer","robots":{"index":"index","follow":"follow","max-snippet":"max-snippet:-1","max-image-preview":"max-image-preview:large","max-video-preview":"max-video-preview:-1"},"canonical":"https:\/\/praxis-hujer.de\/fr\/rezeptwuensche\/","og_locale":"fr_FR","og_type":"article","og_title":"Rezept- und \u00dcberweisungsw\u00fcnsche | Hausarztpraxis Hujer","og_description":"Als Service f\u00fcr unsere Patienten mit bekannter Medikation bieten wir die M\u00f6glichkeit W\u00fcnsche f\u00fcr Wiederholungsrezepte oder \u00dcberweisungen \u00fcber folgende Wege vorab zu \u00fcbermitteln: Bitte kontaktieren Sie uns nur noch \u00fcber unsere Online Rezeption &nbsp;","og_url":"https:\/\/praxis-hujer.de\/fr\/rezeptwuensche\/","og_site_name":"Hausarztpraxis Hujer","article_modified_time":"2026-02-01T13:11:03+00:00","twitter_card":"summary_large_image","schema":{"@context":"https:\/\/schema.org","@graph":[{"@type":"WebPage","@id":"https:\/\/praxis-hujer.de\/rezeptwuensche\/","url":"https:\/\/praxis-hujer.de\/rezeptwuensche\/","name":"Rezept- und \u00dcberweisungsw\u00fcnsche | Hausarztpraxis Hujer","isPartOf":{"@id":"https:\/\/praxis-hujer.de\/#website"},"datePublished":"2018-06-02T09:38:04+00:00","dateModified":"2026-02-01T13:11:03+00:00","breadcrumb":{"@id":"https:\/\/praxis-hujer.de\/rezeptwuensche\/#breadcrumb"},"inLanguage":"fr-FR","potentialAction":[{"@type":"ReadAction","target":["https:\/\/praxis-hujer.de\/rezeptwuensche\/"]}]},{"@type":"BreadcrumbList","@id":"https:\/\/praxis-hujer.de\/rezeptwuensche\/#breadcrumb","itemListElement":[{"@type":"ListItem","position":1,"name":"Startseite","item":"https:\/\/praxis-hujer.de\/"},{"@type":"ListItem","position":2,"name":"Rezept- und \u00dcberweisungsw\u00fcnsche"}]},{"@type":"WebSite","@id":"https:\/\/praxis-hujer.de\/#website","url":"https:\/\/praxis-hujer.de\/","name":"Hausarztpraxis Hujer","description":"Ihre Hausarztpraxis in der Dresdner Neustadt","publisher":{"@id":"https:\/\/praxis-hujer.de\/#organization"},"potentialAction":[{"@type":"SearchAction","target":{"@type":"EntryPoint","urlTemplate":"https:\/\/praxis-hujer.de\/?s={search_term_string}"},"query-input":{"@type":"PropertyValueSpecification","valueRequired":true,"valueName":"search_term_string"}}],"inLanguage":"fr-FR"},{"@type":"Organization","@id":"https:\/\/praxis-hujer.de\/#organization","name":"Hausarztpraxis Hujer","url":"https:\/\/praxis-hujer.de\/","logo":{"@type":"ImageObject","inLanguage":"fr-FR","@id":"https:\/\/praxis-hujer.de\/#\/schema\/logo\/image\/","url":"https:\/\/praxis-hujer.de\/wp-content\/uploads\/2018\/05\/HAUSARZTPRAXIS-final-file-01.png","contentUrl":"https:\/\/praxis-hujer.de\/wp-content\/uploads\/2018\/05\/HAUSARZTPRAXIS-final-file-01.png","width":1800,"height":1200,"caption":"Hausarztpraxis Hujer"},"image":{"@id":"https:\/\/praxis-hujer.de\/#\/schema\/logo\/image\/"}}]}},"_links":{"self":[{"href":"https:\/\/praxis-hujer.de\/fr\/wp-json\/wp\/v2\/pages\/91"}],"collection":[{"href":"https:\/\/praxis-hujer.de\/fr\/wp-json\/wp\/v2\/pages"}],"about":[{"href":"https:\/\/praxis-hujer.de\/fr\/wp-json\/wp\/v2\/types\/page"}],"author":[{"embeddable":true,"href":"https:\/\/praxis-hujer.de\/fr\/wp-json\/wp\/v2\/users\/1"}],"replies":[{"embeddable":true,"href":"https:\/\/praxis-hujer.de\/fr\/wp-json\/wp\/v2\/comments?post=91"}],"version-history":[{"count":2,"href":"https:\/\/praxis-hujer.de\/fr\/wp-json\/wp\/v2\/pages\/91\/revisions"}],"predecessor-version":[{"id":665,"href":"https:\/\/praxis-hujer.de\/fr\/wp-json\/wp\/v2\/pages\/91\/revisions\/665"}],"wp:attachment":[{"href":"https:\/\/praxis-hujer.de\/fr\/wp-json\/wp\/v2\/media?parent=91"}],"curies":[{"name":"wp","href":"https:\/\/api.w.org\/{rel}","templated":true}]}}