{"id":649,"date":"2025-10-11T12:09:14","date_gmt":"2025-10-11T12:09:14","guid":{"rendered":"https:\/\/praxis-hujer.de\/?page_id=649"},"modified":"2025-10-11T12:09:14","modified_gmt":"2025-10-11T12:09:14","slug":"verah-sprechstunde","status":"publish","type":"page","link":"https:\/\/praxis-hujer.de\/fr\/unser-leistungsspektrum\/verah-sprechstunde\/","title":{"rendered":"VERAH Sprechstunde"},"content":{"rendered":"<div class=\"card\">\n<h1>VERAH-Sprechstunde &amp; Hausbesuche<\/h1>\n<p>Ab sofort bieten wir in der Hausarztpraxis Hujer in Dresden eine strukturierte <strong>VERAH-Sprechstunde<\/strong> sowie \u00e4rztlich angeordnete <strong>Hausbesuche<\/strong> durch unsere Arzthelferin <strong>Frau Martine L\u00f6ffler (VERAH)<\/strong> an.<\/p>\n<h2>Was ist eine VERAH?<\/h2>\n<p>Eine VERAH ist eine medizinische Fachangestellte mit spezieller Weiterbildung zur Unterst\u00fctzung der haus\u00e4rztlichen Versorgung. Sie arbeitet eng mit dem behandelnden Arzt zusammen und \u00fcbernimmt Aufgaben nach \u00e4rztlicher Anordnung.<\/p>\n<h2>Spectre de traitement<\/h2>\n<ul>\n<li>VERAH-Sprechstunde in der Praxis<\/li>\n<li>Hausbesuche im Auftrag des Arztes<\/li>\n<li>Therapieanpassung zb Bluthochdruck, Diabetes<\/li>\n<li>Wundversorgung und Verbandswechsel<\/li>\n<li>Unterst\u00fctzung bei chronischen Erkrankungen<\/li>\n<li>Anleitung zur Selbstversorgung und Koordination von Hilfsmitteln<\/li>\n<\/ul>\n<h2>Ihr Nutzen<\/h2>\n<ul>\n<li>Engmaschige Betreuung und bessere Erreichbarkeit<\/li>\n<li>Schnelle Hausbesuche f\u00fcr mobile eingeschr\u00e4nkte Patienten<\/li>\n<li>Entlastung der \u00e4rztlichen Sprechstunde<\/li>\n<li>Kontinuit\u00e4t der medizinischen Versorgung<\/li>\n<\/ul>\n<p>Die \u00e4rztliche Verantwortung bleibt selbstverst\u00e4ndlich beim behandelnden Arzt. Die VERAH handelt nach \u00e4rztlicher Anordnung und in enger Abstimmung mit dem \u00c4rzteteam.<\/p>\n<p>&nbsp;<\/p>\n<\/div>\n<footer>Hausarztpraxis Hujer \u2014 Dresden \u00b7 Diese Seite informiert \u00fcber die erg\u00e4nzenden Versorgungsleistungen durch eine VERAH.<\/footer>\n<p>&nbsp;<\/p>","protected":false},"excerpt":{"rendered":"<p class=\"qua-blog-post-description\">VERAH-Sprechstunde &amp; Hausbesuche Ab sofort bieten wir in der Hausarztpraxis Hujer in Dresden eine strukturierte VERAH-Sprechstunde sowie \u00e4rztlich angeordnete Hausbesuche durch unsere Arzthelferin Frau Martine L\u00f6ffler (VERAH) an. Was ist eine VERAH? Eine VERAH ist eine medizinische Fachangestellte mit spezieller Weiterbildung zur Unterst\u00fctzung der haus\u00e4rztlichen Versorgung. Sie arbeitet eng mit dem behandelnden Arzt zusammen und [&hellip;]<\/p>","protected":false},"author":1,"featured_media":0,"parent":38,"menu_order":0,"comment_status":"closed","ping_status":"closed","template":"","meta":{"footnotes":""},"class_list":["post-649","page","type-page","status-publish","hentry"],"yoast_head":"<!-- This site is optimized with the Yoast SEO plugin v24.1 - https:\/\/yoast.com\/wordpress\/plugins\/seo\/ -->\n<title>VERAH Sprechstunde | Hausarztpraxis Hujer<\/title>\n<meta name=\"robots\" content=\"index, follow, max-snippet:-1, max-image-preview:large, max-video-preview:-1\" \/>\n<link rel=\"canonical\" href=\"https:\/\/praxis-hujer.de\/fr\/unser-leistungsspektrum\/verah-sprechstunde\/\" \/>\n<meta property=\"og:locale\" content=\"fr_FR\" \/>\n<meta property=\"og:type\" content=\"article\" \/>\n<meta property=\"og:title\" content=\"VERAH Sprechstunde | Hausarztpraxis Hujer\" \/>\n<meta property=\"og:description\" content=\"VERAH-Sprechstunde &amp; Hausbesuche Ab sofort bieten wir in der Hausarztpraxis Hujer in Dresden eine strukturierte VERAH-Sprechstunde sowie \u00e4rztlich angeordnete Hausbesuche durch unsere Arzthelferin Frau Martine L\u00f6ffler (VERAH) an. Was ist eine VERAH? Eine VERAH ist eine medizinische Fachangestellte mit spezieller Weiterbildung zur Unterst\u00fctzung der haus\u00e4rztlichen Versorgung. Sie arbeitet eng mit dem behandelnden Arzt zusammen und [&hellip;]\" \/>\n<meta property=\"og:url\" content=\"https:\/\/praxis-hujer.de\/fr\/unser-leistungsspektrum\/verah-sprechstunde\/\" \/>\n<meta property=\"og:site_name\" content=\"Hausarztpraxis Hujer\" \/>\n<meta name=\"twitter:card\" content=\"summary_large_image\" \/>\n<!-- \/ Yoast SEO plugin. -->","yoast_head_json":{"title":"VERAH Sprechstunde | Hausarztpraxis Hujer","robots":{"index":"index","follow":"follow","max-snippet":"max-snippet:-1","max-image-preview":"max-image-preview:large","max-video-preview":"max-video-preview:-1"},"canonical":"https:\/\/praxis-hujer.de\/fr\/unser-leistungsspektrum\/verah-sprechstunde\/","og_locale":"fr_FR","og_type":"article","og_title":"VERAH Sprechstunde | Hausarztpraxis Hujer","og_description":"VERAH-Sprechstunde &amp; Hausbesuche Ab sofort bieten wir in der Hausarztpraxis Hujer in Dresden eine strukturierte VERAH-Sprechstunde sowie \u00e4rztlich angeordnete Hausbesuche durch unsere Arzthelferin Frau Martine L\u00f6ffler (VERAH) an. Was ist eine VERAH? Eine VERAH ist eine medizinische Fachangestellte mit spezieller Weiterbildung zur Unterst\u00fctzung der haus\u00e4rztlichen Versorgung. Sie arbeitet eng mit dem behandelnden Arzt zusammen und [&hellip;]","og_url":"https:\/\/praxis-hujer.de\/fr\/unser-leistungsspektrum\/verah-sprechstunde\/","og_site_name":"Hausarztpraxis Hujer","twitter_card":"summary_large_image","schema":{"@context":"https:\/\/schema.org","@graph":[{"@type":"WebPage","@id":"https:\/\/praxis-hujer.de\/unser-leistungsspektrum\/verah-sprechstunde\/","url":"https:\/\/praxis-hujer.de\/unser-leistungsspektrum\/verah-sprechstunde\/","name":"VERAH Sprechstunde | Hausarztpraxis Hujer","isPartOf":{"@id":"https:\/\/praxis-hujer.de\/#website"},"datePublished":"2025-10-11T12:09:14+00:00","dateModified":"2025-10-11T12:09:14+00:00","breadcrumb":{"@id":"https:\/\/praxis-hujer.de\/unser-leistungsspektrum\/verah-sprechstunde\/#breadcrumb"},"inLanguage":"fr-FR","potentialAction":[{"@type":"ReadAction","target":["https:\/\/praxis-hujer.de\/unser-leistungsspektrum\/verah-sprechstunde\/"]}]},{"@type":"BreadcrumbList","@id":"https:\/\/praxis-hujer.de\/unser-leistungsspektrum\/verah-sprechstunde\/#breadcrumb","itemListElement":[{"@type":"ListItem","position":1,"name":"Startseite","item":"https:\/\/praxis-hujer.de\/"},{"@type":"ListItem","position":2,"name":"Leistungen","item":"https:\/\/praxis-hujer.de\/unser-leistungsspektrum\/"},{"@type":"ListItem","position":3,"name":"VERAH Sprechstunde"}]},{"@type":"WebSite","@id":"https:\/\/praxis-hujer.de\/#website","url":"https:\/\/praxis-hujer.de\/","name":"Hausarztpraxis Hujer","description":"Ihre Hausarztpraxis in der Dresdner Neustadt","publisher":{"@id":"https:\/\/praxis-hujer.de\/#organization"},"potentialAction":[{"@type":"SearchAction","target":{"@type":"EntryPoint","urlTemplate":"https:\/\/praxis-hujer.de\/?s={search_term_string}"},"query-input":{"@type":"PropertyValueSpecification","valueRequired":true,"valueName":"search_term_string"}}],"inLanguage":"fr-FR"},{"@type":"Organization","@id":"https:\/\/praxis-hujer.de\/#organization","name":"Hausarztpraxis Hujer","url":"https:\/\/praxis-hujer.de\/","logo":{"@type":"ImageObject","inLanguage":"fr-FR","@id":"https:\/\/praxis-hujer.de\/#\/schema\/logo\/image\/","url":"https:\/\/praxis-hujer.de\/wp-content\/uploads\/2018\/05\/HAUSARZTPRAXIS-final-file-01.png","contentUrl":"https:\/\/praxis-hujer.de\/wp-content\/uploads\/2018\/05\/HAUSARZTPRAXIS-final-file-01.png","width":1800,"height":1200,"caption":"Hausarztpraxis Hujer"},"image":{"@id":"https:\/\/praxis-hujer.de\/#\/schema\/logo\/image\/"}}]}},"_links":{"self":[{"href":"https:\/\/praxis-hujer.de\/fr\/wp-json\/wp\/v2\/pages\/649"}],"collection":[{"href":"https:\/\/praxis-hujer.de\/fr\/wp-json\/wp\/v2\/pages"}],"about":[{"href":"https:\/\/praxis-hujer.de\/fr\/wp-json\/wp\/v2\/types\/page"}],"author":[{"embeddable":true,"href":"https:\/\/praxis-hujer.de\/fr\/wp-json\/wp\/v2\/users\/1"}],"replies":[{"embeddable":true,"href":"https:\/\/praxis-hujer.de\/fr\/wp-json\/wp\/v2\/comments?post=649"}],"version-history":[{"count":2,"href":"https:\/\/praxis-hujer.de\/fr\/wp-json\/wp\/v2\/pages\/649\/revisions"}],"predecessor-version":[{"id":651,"href":"https:\/\/praxis-hujer.de\/fr\/wp-json\/wp\/v2\/pages\/649\/revisions\/651"}],"up":[{"embeddable":true,"href":"https:\/\/praxis-hujer.de\/fr\/wp-json\/wp\/v2\/pages\/38"}],"wp:attachment":[{"href":"https:\/\/praxis-hujer.de\/fr\/wp-json\/wp\/v2\/media?parent=649"}],"curies":[{"name":"wp","href":"https:\/\/api.w.org\/{rel}","templated":true}]}}