{"id":6,"date":"2018-05-24T21:38:50","date_gmt":"2018-05-24T21:38:50","guid":{"rendered":"http:\/\/praxis-hujer.de\/?page_id=6"},"modified":"2020-06-10T11:29:15","modified_gmt":"2020-06-10T11:29:15","slug":"impressum","status":"publish","type":"page","link":"https:\/\/praxis-hujer.de\/fr\/impressum\/","title":{"rendered":"Mentions l\u00e9gales"},"content":{"rendered":"<div id=\"impressum\" class=\"et_pb_section  et_pb_section_2 et_pb_with_background et_section_regular\">\n<div class=\"et_pb_row et_pb_row_4\">\n<div class=\"et_pb_column et_pb_column_1_3  et_pb_column_9\">\n<div class=\"et_pb_text et_pb_module et_pb_bg_layout_light et_pb_text_align_left  et_pb_text_3\">\n<p><strong>\u00c9diteur<\/strong><br \/>\nNathalie Hujer<br \/>\nRadeberger Str. 23<br \/>\n01099 Dresden<\/p>\n<p>T\u00e9l. 0351 8014307<br \/>\nE-Mail: <a href=\"mailto:info@praxis-hujer.de\"><span style=\"color: #29889c;\">info@praxis-hujer.de<\/span><\/a><\/p>\n<p><strong>Titre l\u00e9gal du poste :\u00a0<\/strong><br \/>\nM\u00e9decin (Allemagne)<\/p>\n<p><strong>Responsable du contenu :<\/strong><br \/>\nNathalie Hujer<\/p>\n<\/div>\n<\/div>\n<div class=\"et_pb_column et_pb_column_2_3  et_pb_column_10\">\n<div class=\"et_pb_text et_pb_module et_pb_bg_layout_light et_pb_text_align_left  et_pb_text_4\">\n<p><strong>Autorit\u00e9s de surveillance comp\u00e9tentes :<\/strong><br \/>\nKassen\u00e4rztliche Vereinigung Sachsen<br \/>\nSch\u00fctzenh\u00f6he 12<br \/>\n01099 Dresden<br \/>\nT\u00e9l. 0351 829 05-0<br \/>\nInternet: <a href=\"http:\/\/www.kvs-sachsen.de\" target=\"_blank\" rel=\"noopener noreferrer\"><span style=\"color: #29889c;\">www.kvs-sachsen.de<\/span><\/a><\/p>\n<p><strong>S\u00e4chsische Landes\u00e4rztekammer<\/strong><br \/>\nSch\u00fctzenh\u00f6he 16<br \/>\n01099 Dresden<br \/>\nT\u00e9l. 0351 826 70<br \/>\nInternet: <a href=\"http:\/\/www.slaek.de\/\" target=\"_blank\" rel=\"noopener noreferrer\"><span style=\"color: #29889c;\">www.slaek.de<\/span><\/a><\/p>\n<p>Le Code des professions en vigueur est disponible \u00e0 la chambre ci-dessus.<\/p>\n<\/div>\n<\/div>\n<\/div>\n<\/div>","protected":false},"excerpt":{"rendered":"<p class=\"qua-blog-post-description\">Herausgeber Nathalie Hujer Radeberger Str. 23 01099 Dresden Telefon: 0351 8014307 E-Mail: info@praxis-hujer.de Gesetzliche Berufsbezeichnung:\u00a0 \u00c4rztin (Deutschland) Verantwortlich f\u00fcr die Inhalte: Nathalie Hujer Zust\u00e4ndige Aufsichtsbeh\u00f6rden: Kassen\u00e4rztliche Vereinigung Sachsen Sch\u00fctzenh\u00f6he 12 01099 Dresden Telefon: 0351 829 05-0 Internet: www.kvs-sachsen.de S\u00e4chsische Landes\u00e4rztekammer Sch\u00fctzenh\u00f6he 16 01099 Dresden Telefon: 0351 826 70 Internet: www.slaek.de Die aktuelle Berufsordnung ist \u00fcber [&hellip;]<\/p>","protected":false},"author":1,"featured_media":0,"parent":0,"menu_order":0,"comment_status":"closed","ping_status":"closed","template":"","meta":{"footnotes":""},"class_list":["post-6","page","type-page","status-publish","hentry"],"yoast_head":"<!-- This site is optimized with the Yoast SEO plugin v24.1 - https:\/\/yoast.com\/wordpress\/plugins\/seo\/ -->\n<title>Impressum | Hausarztpraxis Hujer<\/title>\n<meta name=\"robots\" content=\"index, follow, max-snippet:-1, max-image-preview:large, max-video-preview:-1\" \/>\n<link rel=\"canonical\" href=\"https:\/\/praxis-hujer.de\/fr\/impressum\/\" \/>\n<meta property=\"og:locale\" content=\"fr_FR\" \/>\n<meta property=\"og:type\" content=\"article\" \/>\n<meta property=\"og:title\" content=\"Impressum | Hausarztpraxis Hujer\" \/>\n<meta property=\"og:description\" content=\"Herausgeber Nathalie Hujer Radeberger Str. 23 01099 Dresden Telefon: 0351 8014307 E-Mail: info@praxis-hujer.de Gesetzliche Berufsbezeichnung:\u00a0 \u00c4rztin (Deutschland) Verantwortlich f\u00fcr die Inhalte: Nathalie Hujer Zust\u00e4ndige Aufsichtsbeh\u00f6rden: Kassen\u00e4rztliche Vereinigung Sachsen Sch\u00fctzenh\u00f6he 12 01099 Dresden Telefon: 0351 829 05-0 Internet: www.kvs-sachsen.de S\u00e4chsische Landes\u00e4rztekammer Sch\u00fctzenh\u00f6he 16 01099 Dresden Telefon: 0351 826 70 Internet: www.slaek.de Die aktuelle Berufsordnung ist \u00fcber [&hellip;]\" \/>\n<meta property=\"og:url\" content=\"https:\/\/praxis-hujer.de\/fr\/impressum\/\" \/>\n<meta property=\"og:site_name\" content=\"Hausarztpraxis Hujer\" \/>\n<meta property=\"article:modified_time\" content=\"2020-06-10T11:29:15+00:00\" \/>\n<meta name=\"twitter:card\" content=\"summary_large_image\" \/>\n<!-- \/ Yoast SEO plugin. -->","yoast_head_json":{"title":"Impressum | Hausarztpraxis Hujer","robots":{"index":"index","follow":"follow","max-snippet":"max-snippet:-1","max-image-preview":"max-image-preview:large","max-video-preview":"max-video-preview:-1"},"canonical":"https:\/\/praxis-hujer.de\/fr\/impressum\/","og_locale":"fr_FR","og_type":"article","og_title":"Impressum | Hausarztpraxis Hujer","og_description":"Herausgeber Nathalie Hujer Radeberger Str. 23 01099 Dresden Telefon: 0351 8014307 E-Mail: info@praxis-hujer.de Gesetzliche Berufsbezeichnung:\u00a0 \u00c4rztin (Deutschland) Verantwortlich f\u00fcr die Inhalte: Nathalie Hujer Zust\u00e4ndige Aufsichtsbeh\u00f6rden: Kassen\u00e4rztliche Vereinigung Sachsen Sch\u00fctzenh\u00f6he 12 01099 Dresden Telefon: 0351 829 05-0 Internet: www.kvs-sachsen.de S\u00e4chsische Landes\u00e4rztekammer Sch\u00fctzenh\u00f6he 16 01099 Dresden Telefon: 0351 826 70 Internet: www.slaek.de Die aktuelle Berufsordnung ist \u00fcber [&hellip;]","og_url":"https:\/\/praxis-hujer.de\/fr\/impressum\/","og_site_name":"Hausarztpraxis Hujer","article_modified_time":"2020-06-10T11:29:15+00:00","twitter_card":"summary_large_image","schema":{"@context":"https:\/\/schema.org","@graph":[{"@type":"WebPage","@id":"https:\/\/praxis-hujer.de\/impressum\/","url":"https:\/\/praxis-hujer.de\/impressum\/","name":"Impressum | Hausarztpraxis Hujer","isPartOf":{"@id":"https:\/\/praxis-hujer.de\/#website"},"datePublished":"2018-05-24T21:38:50+00:00","dateModified":"2020-06-10T11:29:15+00:00","breadcrumb":{"@id":"https:\/\/praxis-hujer.de\/impressum\/#breadcrumb"},"inLanguage":"fr-FR","potentialAction":[{"@type":"ReadAction","target":["https:\/\/praxis-hujer.de\/impressum\/"]}]},{"@type":"BreadcrumbList","@id":"https:\/\/praxis-hujer.de\/impressum\/#breadcrumb","itemListElement":[{"@type":"ListItem","position":1,"name":"Startseite","item":"https:\/\/praxis-hujer.de\/"},{"@type":"ListItem","position":2,"name":"Impressum"}]},{"@type":"WebSite","@id":"https:\/\/praxis-hujer.de\/#website","url":"https:\/\/praxis-hujer.de\/","name":"Hausarztpraxis Hujer","description":"Ihre Hausarztpraxis in der Dresdner Neustadt","publisher":{"@id":"https:\/\/praxis-hujer.de\/#organization"},"potentialAction":[{"@type":"SearchAction","target":{"@type":"EntryPoint","urlTemplate":"https:\/\/praxis-hujer.de\/?s={search_term_string}"},"query-input":{"@type":"PropertyValueSpecification","valueRequired":true,"valueName":"search_term_string"}}],"inLanguage":"fr-FR"},{"@type":"Organization","@id":"https:\/\/praxis-hujer.de\/#organization","name":"Hausarztpraxis Hujer","url":"https:\/\/praxis-hujer.de\/","logo":{"@type":"ImageObject","inLanguage":"fr-FR","@id":"https:\/\/praxis-hujer.de\/#\/schema\/logo\/image\/","url":"https:\/\/praxis-hujer.de\/wp-content\/uploads\/2018\/05\/HAUSARZTPRAXIS-final-file-01.png","contentUrl":"https:\/\/praxis-hujer.de\/wp-content\/uploads\/2018\/05\/HAUSARZTPRAXIS-final-file-01.png","width":1800,"height":1200,"caption":"Hausarztpraxis Hujer"},"image":{"@id":"https:\/\/praxis-hujer.de\/#\/schema\/logo\/image\/"}}]}},"_links":{"self":[{"href":"https:\/\/praxis-hujer.de\/fr\/wp-json\/wp\/v2\/pages\/6"}],"collection":[{"href":"https:\/\/praxis-hujer.de\/fr\/wp-json\/wp\/v2\/pages"}],"about":[{"href":"https:\/\/praxis-hujer.de\/fr\/wp-json\/wp\/v2\/types\/page"}],"author":[{"embeddable":true,"href":"https:\/\/praxis-hujer.de\/fr\/wp-json\/wp\/v2\/users\/1"}],"replies":[{"embeddable":true,"href":"https:\/\/praxis-hujer.de\/fr\/wp-json\/wp\/v2\/comments?post=6"}],"version-history":[{"count":0,"href":"https:\/\/praxis-hujer.de\/fr\/wp-json\/wp\/v2\/pages\/6\/revisions"}],"wp:attachment":[{"href":"https:\/\/praxis-hujer.de\/fr\/wp-json\/wp\/v2\/media?parent=6"}],"curies":[{"name":"wp","href":"https:\/\/api.w.org\/{rel}","templated":true}]}}