{"id":38,"date":"2018-05-25T19:46:09","date_gmt":"2018-05-25T19:46:09","guid":{"rendered":"http:\/\/praxis-hujer.de\/?page_id=38"},"modified":"2025-10-11T12:15:45","modified_gmt":"2025-10-11T12:15:45","slug":"unser-leistungsspektrum","status":"publish","type":"page","link":"https:\/\/praxis-hujer.de\/fr\/unser-leistungsspektrum\/","title":{"rendered":"Spectre de traitement"},"content":{"rendered":"<p>En plus des services g\u00e9n\u00e9raux des m\u00e9decins g\u00e9n\u00e9ralistes, y compris les analyses de sang et d'urine, nous offrons les services suivants dans notre cabinet \u00e0 Dresde :<\/p>\n<p>&nbsp;<\/p>\n<ul>\n<li>\n<h4><strong><span id=\"sample-permalink\"><a href=\"https:\/\/praxis-hujer.de\/fr\/unser-leistungsspektrum\/verah-sprechstunde\/\">VERAH Sprechstunde und Hausbesuche<\/a><\/span>\u00a0\u200e<\/strong><\/h4>\n<p><span id=\"edit-slug-buttons\"><\/span><\/p>\n<div id=\"titlediv\"><\/div>\n<h4><\/h4>\n<\/li>\n<li>\n<h4><strong><a href=\"https:\/\/praxis-hujer.de\/fr\/herz-kreislauf-diagnostik\/\">diagnostic cardiovasculaire<\/a><\/strong><\/h4>\n<ul>\n<li>ECG et ECG de long dur\u00e9e<\/li>\n<li>Mesure de la tension art\u00e9rielle \u00e0 long dur\u00e9e<\/li>\n<li>les programmes de gestion des maladies<\/li>\n<\/ul>\n<\/li>\n<li>\n<h4><strong><a href=\"http:\/\/praxis-hujer.de\/fr\/atemwegs-diagnostik\/\">Diagnostic respiratoire<\/a><\/strong><\/h4>\n<ul>\n<li>Diagnostic de la fonction pulmonaire<\/li>\n<li>Programme de gestion des maladies pour la maladie pulmonaire obstructive chronique<\/li>\n<\/ul>\n<\/li>\n<li>\n<h4><a href=\"http:\/\/praxis-hujer.de\/fr\/jugendgesundheitsuntersuchungen\/\"><strong>contr\u00f4les de sant\u00e9 pour les jeune<\/strong><\/a><\/h4>\n<ul>\n<li>L'examen J1 (de 12 \u00e0 14 ans)<\/li>\n<li>L'examen J2 (de 16 \u00e0 17 ans)<\/li>\n<\/ul>\n<\/li>\n<li>\n<h4>\u00a0<a href=\"http:\/\/praxis-hujer.de\/fr\/frueherkennung-und-vorsorge\/\"><b>D\u00e9tection et pr\u00e9vention pr\u00e9coces<\/b><\/a><\/h4>\n<\/li>\n<li style=\"list-style-type: none;\"><\/li>\n<li style=\"list-style-type: none;\">\n<ul>\n<li>Check Up 35<\/li>\n<li>Examen du cancer de la peau, y compris la microscopie \u00e0 lumi\u00e8re r\u00e9fl\u00e9chie<\/li>\n<li>Pr\u00e9vention du cancer chez les hommes<\/li>\n<li>D\u00e9tection pr\u00e9coce du cancer colorectal<\/li>\n<li>D\u00e9tection pr\u00e9coce de l'an\u00e9vrisme de l'aorte abdominale<\/li>\n<\/ul>\n<\/li>\n<li>\n<h4><strong><a href=\"http:\/\/praxis-hujer.de\/fr\/impfungen\/\">Vaccinations<\/a><\/strong><\/h4>\n<ul>\n<li>vaccinations de routine<\/li>\n<li>vaccination antigrippale<\/li>\n<li>vaccinations de voyage<\/li>\n<\/ul>\n<\/li>\n<li>\n<h4><strong><a href=\"http:\/\/praxis-hujer.de\/fr\/tauglichkeitsuntersuchungen\/\">Test de condition physique<\/a><\/strong><\/h4>\n<ul>\n<li>Test d'aptitude \u00e0 la plong\u00e9e selon GT\u00dcM e.V.<\/li>\n<li>Examen d'aptitude pour le permis de conduire d'un bateau de spor<\/li>\n<li>enqu\u00eate sur la protection de l'emploi des jeunes<\/li>\n<\/ul>\n<\/li>\n<li>\n<h4><strong><a href=\"http:\/\/praxis-hujer.de\/fr\/palliativmedizin\/\">Soins palliatifs ambulatoires<\/a><\/strong><\/h4>\n<\/li>\n<li>\n<h4><strong><a href=\"http:\/\/praxis-hujer.de\/fr\/kleine-chirurgie\/\">chirurgie des petits plaies<\/a><\/strong><\/h4>\n<ul>\n<li>Petites interventions chirurgicales<\/li>\n<li>Suivi des interventions chirurgicales<\/li>\n<li>Plaies chroniques et pansements<\/li>\n<\/ul>\n<\/li>\n<\/ul>\n<p>&nbsp;<\/p>\n<ul>\n<li>\u00a0<span id=\"sample-permalink\"><\/span> <span id=\"sample-permalink\"><a href=\"https:\/\/praxis-hujer.de\/fr\/medizinische-videosprechstunde\/\"><strong>Videosprechstunde<\/strong><span id=\"editable-post-name\"><\/span><\/a><\/span><span id=\"edit-slug-buttons\"><\/span>\n<div id=\"titlediv\">\n<div class=\"inside\">\n<div id=\"edit-slug-box\" class=\"hide-if-no-js\"><\/div>\n<\/div>\n<\/div>\n<div id=\"postdivrich\" class=\"postarea wp-editor-expand\">\n<div id=\"wp-content-wrap\" class=\"wp-core-ui wp-editor-wrap tmce-active has-dfw\"><\/div>\n<\/div>\n<div id=\"titlediv\"><\/div>\n<\/li>\n<li><strong>Disease-Management-Programm f\u00fcr Diabetes mellitus, KHK, Asthma, COPD und Osteoporose<\/strong><\/li>\n<li>\n<h4>Ultraschall \/ Sonographie des Bauchraumes und der Schilddr\u00fcse<\/h4>\n<\/li>\n<\/ul>\n<a class=\"maxbutton-3 maxbutton maxbutton-sprechstundentermin-vereinbaren\" target=\"_blank\" title=\"Il suffit de prendre rendez-vous en ligne pour conna\u00eetre nos heures de consultation d\u00e8s maintenant.\" rel=\"nofollow noopener\" href=\"https:\/\/tcapp.de\/hujer\/\"><span class='mb-text'>Prenez rendez-vous pour un traitement<\/span><\/a>","protected":false},"excerpt":{"rendered":"<p class=\"qua-blog-post-description\">Neben den allgemeinen haus\u00e4rztlichen Leistungen inklusive Blut- und Urinuntersuchungen bieten wir Ihnen in unserer Praxis in Dresden folgende Leistungen an: &nbsp; VERAH Sprechstunde und Hausbesuche\u00a0\u200e Herz-Kreislauf-Diagnostik Ruhe-EKG und Langzeit-EKG Langzeitblutdruckmessung Disease-Management-Programme Atemwegs-Diagnostik Lungenfunktionstest Disease-Management-Programm f\u00fcr\u00a0chronisch obstruktive Lungenerkrankungen Jugendgesundheitsuntersuchungen J1\u00a0Untersuchung (12 bis 14 Jahre) J2 Untersuchung (16 bis 17 Jahre) \u00a0Fr\u00fcherkennung und Vorsorge Check Up 35 [&hellip;]<\/p>","protected":false},"author":1,"featured_media":0,"parent":0,"menu_order":0,"comment_status":"closed","ping_status":"closed","template":"","meta":{"footnotes":""},"class_list":["post-38","page","type-page","status-publish","hentry"],"yoast_head":"<!-- This site is optimized with the Yoast SEO plugin v24.1 - https:\/\/yoast.com\/wordpress\/plugins\/seo\/ -->\n<title>Leistungen | Hausarztpraxis Hujer<\/title>\n<meta name=\"robots\" content=\"index, follow, max-snippet:-1, max-image-preview:large, max-video-preview:-1\" \/>\n<link rel=\"canonical\" href=\"https:\/\/praxis-hujer.de\/fr\/unser-leistungsspektrum\/\" \/>\n<meta property=\"og:locale\" content=\"fr_FR\" \/>\n<meta property=\"og:type\" content=\"article\" \/>\n<meta property=\"og:title\" content=\"Leistungen | Hausarztpraxis Hujer\" \/>\n<meta property=\"og:description\" content=\"Neben den allgemeinen haus\u00e4rztlichen Leistungen inklusive Blut- und Urinuntersuchungen bieten wir Ihnen in unserer Praxis in Dresden folgende Leistungen an: &nbsp; VERAH Sprechstunde und Hausbesuche\u00a0\u200e Herz-Kreislauf-Diagnostik Ruhe-EKG und Langzeit-EKG Langzeitblutdruckmessung Disease-Management-Programme Atemwegs-Diagnostik Lungenfunktionstest Disease-Management-Programm f\u00fcr\u00a0chronisch obstruktive Lungenerkrankungen Jugendgesundheitsuntersuchungen J1\u00a0Untersuchung (12 bis 14 Jahre) J2 Untersuchung (16 bis 17 Jahre) \u00a0Fr\u00fcherkennung und Vorsorge Check Up 35 [&hellip;]\" \/>\n<meta property=\"og:url\" content=\"https:\/\/praxis-hujer.de\/fr\/unser-leistungsspektrum\/\" \/>\n<meta property=\"og:site_name\" content=\"Hausarztpraxis Hujer\" \/>\n<meta property=\"article:modified_time\" content=\"2025-10-11T12:15:45+00:00\" \/>\n<meta name=\"twitter:card\" content=\"summary_large_image\" \/>\n<!-- \/ Yoast SEO plugin. -->","yoast_head_json":{"title":"Leistungen | Hausarztpraxis Hujer","robots":{"index":"index","follow":"follow","max-snippet":"max-snippet:-1","max-image-preview":"max-image-preview:large","max-video-preview":"max-video-preview:-1"},"canonical":"https:\/\/praxis-hujer.de\/fr\/unser-leistungsspektrum\/","og_locale":"fr_FR","og_type":"article","og_title":"Leistungen | Hausarztpraxis Hujer","og_description":"Neben den allgemeinen haus\u00e4rztlichen Leistungen inklusive Blut- und Urinuntersuchungen bieten wir Ihnen in unserer Praxis in Dresden folgende Leistungen an: &nbsp; VERAH Sprechstunde und Hausbesuche\u00a0\u200e Herz-Kreislauf-Diagnostik Ruhe-EKG und Langzeit-EKG Langzeitblutdruckmessung Disease-Management-Programme Atemwegs-Diagnostik Lungenfunktionstest Disease-Management-Programm f\u00fcr\u00a0chronisch obstruktive Lungenerkrankungen Jugendgesundheitsuntersuchungen J1\u00a0Untersuchung (12 bis 14 Jahre) J2 Untersuchung (16 bis 17 Jahre) \u00a0Fr\u00fcherkennung und Vorsorge Check Up 35 [&hellip;]","og_url":"https:\/\/praxis-hujer.de\/fr\/unser-leistungsspektrum\/","og_site_name":"Hausarztpraxis Hujer","article_modified_time":"2025-10-11T12:15:45+00:00","twitter_card":"summary_large_image","schema":{"@context":"https:\/\/schema.org","@graph":[{"@type":"WebPage","@id":"https:\/\/praxis-hujer.de\/unser-leistungsspektrum\/","url":"https:\/\/praxis-hujer.de\/unser-leistungsspektrum\/","name":"Leistungen | Hausarztpraxis Hujer","isPartOf":{"@id":"https:\/\/praxis-hujer.de\/#website"},"datePublished":"2018-05-25T19:46:09+00:00","dateModified":"2025-10-11T12:15:45+00:00","breadcrumb":{"@id":"https:\/\/praxis-hujer.de\/unser-leistungsspektrum\/#breadcrumb"},"inLanguage":"fr-FR","potentialAction":[{"@type":"ReadAction","target":["https:\/\/praxis-hujer.de\/unser-leistungsspektrum\/"]}]},{"@type":"BreadcrumbList","@id":"https:\/\/praxis-hujer.de\/unser-leistungsspektrum\/#breadcrumb","itemListElement":[{"@type":"ListItem","position":1,"name":"Startseite","item":"https:\/\/praxis-hujer.de\/"},{"@type":"ListItem","position":2,"name":"Leistungen"}]},{"@type":"WebSite","@id":"https:\/\/praxis-hujer.de\/#website","url":"https:\/\/praxis-hujer.de\/","name":"Hausarztpraxis Hujer","description":"Ihre Hausarztpraxis in der Dresdner Neustadt","publisher":{"@id":"https:\/\/praxis-hujer.de\/#organization"},"potentialAction":[{"@type":"SearchAction","target":{"@type":"EntryPoint","urlTemplate":"https:\/\/praxis-hujer.de\/?s={search_term_string}"},"query-input":{"@type":"PropertyValueSpecification","valueRequired":true,"valueName":"search_term_string"}}],"inLanguage":"fr-FR"},{"@type":"Organization","@id":"https:\/\/praxis-hujer.de\/#organization","name":"Hausarztpraxis Hujer","url":"https:\/\/praxis-hujer.de\/","logo":{"@type":"ImageObject","inLanguage":"fr-FR","@id":"https:\/\/praxis-hujer.de\/#\/schema\/logo\/image\/","url":"https:\/\/praxis-hujer.de\/wp-content\/uploads\/2018\/05\/HAUSARZTPRAXIS-final-file-01.png","contentUrl":"https:\/\/praxis-hujer.de\/wp-content\/uploads\/2018\/05\/HAUSARZTPRAXIS-final-file-01.png","width":1800,"height":1200,"caption":"Hausarztpraxis Hujer"},"image":{"@id":"https:\/\/praxis-hujer.de\/#\/schema\/logo\/image\/"}}]}},"_links":{"self":[{"href":"https:\/\/praxis-hujer.de\/fr\/wp-json\/wp\/v2\/pages\/38"}],"collection":[{"href":"https:\/\/praxis-hujer.de\/fr\/wp-json\/wp\/v2\/pages"}],"about":[{"href":"https:\/\/praxis-hujer.de\/fr\/wp-json\/wp\/v2\/types\/page"}],"author":[{"embeddable":true,"href":"https:\/\/praxis-hujer.de\/fr\/wp-json\/wp\/v2\/users\/1"}],"replies":[{"embeddable":true,"href":"https:\/\/praxis-hujer.de\/fr\/wp-json\/wp\/v2\/comments?post=38"}],"version-history":[{"count":7,"href":"https:\/\/praxis-hujer.de\/fr\/wp-json\/wp\/v2\/pages\/38\/revisions"}],"predecessor-version":[{"id":481,"href":"https:\/\/praxis-hujer.de\/fr\/wp-json\/wp\/v2\/pages\/38\/revisions\/481"}],"wp:attachment":[{"href":"https:\/\/praxis-hujer.de\/fr\/wp-json\/wp\/v2\/media?parent=38"}],"curies":[{"name":"wp","href":"https:\/\/api.w.org\/{rel}","templated":true}]}}