{"id":364,"date":"2020-04-20T16:09:33","date_gmt":"2020-04-20T16:09:33","guid":{"rendered":"http:\/\/praxis-hujer.de\/?page_id=364"},"modified":"2025-10-11T11:41:29","modified_gmt":"2025-10-11T11:41:29","slug":"medizinische-videosprechstunde","status":"publish","type":"page","link":"https:\/\/praxis-hujer.de\/fr\/medizinische-videosprechstunde\/","title":{"rendered":"Consultation vid\u00e9o m\u00e9dicale en ligne"},"content":{"rendered":"<h4 class=\"wp-block-heading\">Chers patients - Rencontrez-nous en ligne !<\/h4>\r\n\r\n\r\n\r\n<p>Wir bieten Ihnen unsere Videosprechstunde an \u2013 selbstverst\u00e4ndlich nach h\u00f6chsten Datenschutzkriterien.<\/p>\r\n\r\n\r\n\r\n<p>In unserer Videosprechstunde haben Sie die M\u00f6glichkeit online mit uns zu sprechen, Fragen zu stellen oder sonstige Anliegen zu er\u00f6rtern. Die Vorteile einer medizinischen Online-Beratung liegen auf der Hand: Sie sparen sich den Weg zur Praxis und haben trotzdem ein sehr pers\u00f6nliches Gespr\u00e4ch, Sie k\u00f6nnen uns Dinge zeigen und wir Ihre Fragen auch visuell beantworten.<\/p>\r\n\r\n\r\n\r\n<p>Die Videosprechstunde selbst l\u00e4uft in der kostenfreien App &#8220; meine haus\u00e4rztliche Praxis&#8220;.\u00a0<\/p>\r\n\r\n\r\n\r\n<p><strong>Vous pouvez ainsi prendre rendez-vous pour une consultation vid\u00e9o :<\/strong><\/p>\r\n\r\n\r\n\r\n<p>Bitte stellen Sie uns eine Anfrage per \u00fcber unsere Online Rezeption oder <a href=\"tel: 49351 8014307\" target=\"_blank\" rel=\"noreferrer noopener\" aria-label=\"rufen (\u00f6ffnet in neuem Tab)\">appelez-nous<\/a> pendant les heures d'ouverture pour prendre rendez-vous.<\/p>\r\n\r\n\r\n\r\n<p>Sie erhalten dann eine Best\u00e4tigung bzw. einen Terminvorschlag zu einem gesch\u00fctzten virtuellen Raum.<\/p>\r\n\r\n\r\n\r\n<p><strong>Vous avez besoin des conditions techniques suivantes pour effectuer la consultation vid\u00e9o :<\/strong><\/p>\r\n\r\n\r\n\r\n<ul class=\"wp-block-list\">\r\n<li>Un terminal (PC, tablette, t\u00e9l\u00e9phone portable) avec appareil photo et microphone<\/li>\r\n<li>Une pi\u00e8ce aussi calme que possible<\/li>\r\n<li>Veuillez avoir votre carte d'assurance maladie \u00e0 port\u00e9e de main pour le rendez-vous<\/li>\r\n<\/ul>\r\n\r\n\r\n\r\n<p><strong>Nous nous r\u00e9jouissons de vous rencontrer en ligne !<\/strong><\/p>\r\n\r\n\r\n\r\n<p style=\"text-align: center;\"><strong><a class=\"maxbutton-1 maxbutton maxbutton-videosprechstunde\" target=\"_blank\" rel=\"noopener\" href=\"mailto:info@praxis-hujer.de\"><span class='mb-text'>Organiser une consultation vid\u00e9o<\/span><\/a><\/strong><\/p>\r\n\r\n\r\n\r\n<p>&nbsp;<\/p>","protected":false},"excerpt":{"rendered":"<p class=\"qua-blog-post-description\">Liebe Patientinnen und Patienten \u2013 Treffen Sie uns online! Wir bieten Ihnen unsere Videosprechstunde an \u2013 selbstverst\u00e4ndlich nach h\u00f6chsten Datenschutzkriterien. In unserer Videosprechstunde haben Sie die M\u00f6glichkeit online mit uns zu sprechen, Fragen zu stellen oder sonstige Anliegen zu er\u00f6rtern. Die Vorteile einer medizinischen Online-Beratung liegen auf der Hand: Sie sparen sich den Weg zur [&hellip;]<\/p>","protected":false},"author":1,"featured_media":0,"parent":0,"menu_order":0,"comment_status":"closed","ping_status":"closed","template":"","meta":{"footnotes":""},"class_list":["post-364","page","type-page","status-publish","hentry"],"yoast_head":"<!-- This site is optimized with the Yoast SEO plugin v24.1 - https:\/\/yoast.com\/wordpress\/plugins\/seo\/ -->\n<title>Medizinische Online-Videosprechstunde | Hausarztpraxis Hujer<\/title>\n<meta name=\"robots\" content=\"index, follow, max-snippet:-1, max-image-preview:large, max-video-preview:-1\" \/>\n<link rel=\"canonical\" href=\"https:\/\/praxis-hujer.de\/fr\/medizinische-videosprechstunde\/\" \/>\n<meta property=\"og:locale\" content=\"fr_FR\" \/>\n<meta property=\"og:type\" content=\"article\" \/>\n<meta property=\"og:title\" content=\"Medizinische Online-Videosprechstunde | Hausarztpraxis Hujer\" \/>\n<meta property=\"og:description\" content=\"Liebe Patientinnen und Patienten \u2013 Treffen Sie uns online! Wir bieten Ihnen unsere Videosprechstunde an \u2013 selbstverst\u00e4ndlich nach h\u00f6chsten Datenschutzkriterien. In unserer Videosprechstunde haben Sie die M\u00f6glichkeit online mit uns zu sprechen, Fragen zu stellen oder sonstige Anliegen zu er\u00f6rtern. Die Vorteile einer medizinischen Online-Beratung liegen auf der Hand: Sie sparen sich den Weg zur [&hellip;]\" \/>\n<meta property=\"og:url\" content=\"https:\/\/praxis-hujer.de\/fr\/medizinische-videosprechstunde\/\" \/>\n<meta property=\"og:site_name\" content=\"Hausarztpraxis Hujer\" \/>\n<meta property=\"article:modified_time\" content=\"2025-10-11T11:41:29+00:00\" \/>\n<meta name=\"twitter:card\" content=\"summary_large_image\" \/>\n<!-- \/ Yoast SEO plugin. -->","yoast_head_json":{"title":"Medizinische Online-Videosprechstunde | Hausarztpraxis Hujer","robots":{"index":"index","follow":"follow","max-snippet":"max-snippet:-1","max-image-preview":"max-image-preview:large","max-video-preview":"max-video-preview:-1"},"canonical":"https:\/\/praxis-hujer.de\/fr\/medizinische-videosprechstunde\/","og_locale":"fr_FR","og_type":"article","og_title":"Medizinische Online-Videosprechstunde | Hausarztpraxis Hujer","og_description":"Liebe Patientinnen und Patienten \u2013 Treffen Sie uns online! Wir bieten Ihnen unsere Videosprechstunde an \u2013 selbstverst\u00e4ndlich nach h\u00f6chsten Datenschutzkriterien. In unserer Videosprechstunde haben Sie die M\u00f6glichkeit online mit uns zu sprechen, Fragen zu stellen oder sonstige Anliegen zu er\u00f6rtern. Die Vorteile einer medizinischen Online-Beratung liegen auf der Hand: Sie sparen sich den Weg zur [&hellip;]","og_url":"https:\/\/praxis-hujer.de\/fr\/medizinische-videosprechstunde\/","og_site_name":"Hausarztpraxis Hujer","article_modified_time":"2025-10-11T11:41:29+00:00","twitter_card":"summary_large_image","schema":{"@context":"https:\/\/schema.org","@graph":[{"@type":"WebPage","@id":"https:\/\/praxis-hujer.de\/medizinische-videosprechstunde\/","url":"https:\/\/praxis-hujer.de\/medizinische-videosprechstunde\/","name":"Medizinische Online-Videosprechstunde | Hausarztpraxis Hujer","isPartOf":{"@id":"https:\/\/praxis-hujer.de\/#website"},"datePublished":"2020-04-20T16:09:33+00:00","dateModified":"2025-10-11T11:41:29+00:00","breadcrumb":{"@id":"https:\/\/praxis-hujer.de\/medizinische-videosprechstunde\/#breadcrumb"},"inLanguage":"fr-FR","potentialAction":[{"@type":"ReadAction","target":["https:\/\/praxis-hujer.de\/medizinische-videosprechstunde\/"]}]},{"@type":"BreadcrumbList","@id":"https:\/\/praxis-hujer.de\/medizinische-videosprechstunde\/#breadcrumb","itemListElement":[{"@type":"ListItem","position":1,"name":"Startseite","item":"https:\/\/praxis-hujer.de\/"},{"@type":"ListItem","position":2,"name":"Medizinische Online-Videosprechstunde"}]},{"@type":"WebSite","@id":"https:\/\/praxis-hujer.de\/#website","url":"https:\/\/praxis-hujer.de\/","name":"Hausarztpraxis Hujer","description":"Ihre Hausarztpraxis in der Dresdner Neustadt","publisher":{"@id":"https:\/\/praxis-hujer.de\/#organization"},"potentialAction":[{"@type":"SearchAction","target":{"@type":"EntryPoint","urlTemplate":"https:\/\/praxis-hujer.de\/?s={search_term_string}"},"query-input":{"@type":"PropertyValueSpecification","valueRequired":true,"valueName":"search_term_string"}}],"inLanguage":"fr-FR"},{"@type":"Organization","@id":"https:\/\/praxis-hujer.de\/#organization","name":"Hausarztpraxis Hujer","url":"https:\/\/praxis-hujer.de\/","logo":{"@type":"ImageObject","inLanguage":"fr-FR","@id":"https:\/\/praxis-hujer.de\/#\/schema\/logo\/image\/","url":"https:\/\/praxis-hujer.de\/wp-content\/uploads\/2018\/05\/HAUSARZTPRAXIS-final-file-01.png","contentUrl":"https:\/\/praxis-hujer.de\/wp-content\/uploads\/2018\/05\/HAUSARZTPRAXIS-final-file-01.png","width":1800,"height":1200,"caption":"Hausarztpraxis Hujer"},"image":{"@id":"https:\/\/praxis-hujer.de\/#\/schema\/logo\/image\/"}}]}},"_links":{"self":[{"href":"https:\/\/praxis-hujer.de\/fr\/wp-json\/wp\/v2\/pages\/364"}],"collection":[{"href":"https:\/\/praxis-hujer.de\/fr\/wp-json\/wp\/v2\/pages"}],"about":[{"href":"https:\/\/praxis-hujer.de\/fr\/wp-json\/wp\/v2\/types\/page"}],"author":[{"embeddable":true,"href":"https:\/\/praxis-hujer.de\/fr\/wp-json\/wp\/v2\/users\/1"}],"replies":[{"embeddable":true,"href":"https:\/\/praxis-hujer.de\/fr\/wp-json\/wp\/v2\/comments?post=364"}],"version-history":[{"count":2,"href":"https:\/\/praxis-hujer.de\/fr\/wp-json\/wp\/v2\/pages\/364\/revisions"}],"predecessor-version":[{"id":646,"href":"https:\/\/praxis-hujer.de\/fr\/wp-json\/wp\/v2\/pages\/364\/revisions\/646"}],"wp:attachment":[{"href":"https:\/\/praxis-hujer.de\/fr\/wp-json\/wp\/v2\/media?parent=364"}],"curies":[{"name":"wp","href":"https:\/\/api.w.org\/{rel}","templated":true}]}}