{"id":2,"date":"2016-05-10T03:48:21","date_gmt":"2016-05-10T03:48:21","guid":{"rendered":"http:\/\/praxis-hujer.de\/?page_id=2"},"modified":"2026-02-18T12:32:41","modified_gmt":"2026-02-18T12:32:41","slug":"ihre-hausarztpraxis-in-dresden","status":"publish","type":"page","link":"https:\/\/praxis-hujer.de\/fr\/","title":{"rendered":"Votre m\u00e9decin g\u00e9n\u00e9raliste francophone \u00e0 Dresde Neustadt"},"content":{"rendered":"<h2 style=\"text-align: center;\">M\u00e9decin g\u00e9n\u00e9raliste Nathalie Hujer I Sp\u00e9cialiste en m\u00e9decine interne, m\u00e9decine d'urgence<\/h2>\n<h3 style=\"text-align: left;\">Votre cabinet m\u00e9dical avec des soins de m\u00e9decine familiale \u00e0 Dresden Neustadt<\/h3>\n<hr \/>\n<p class=\"p1\"><strong><span class=\"s1\">Bitte vereinbaren Sie vor Ihrem Besuch in unserer Arztpraxis immer vorab einen Termin. Vorstellungen in der Akutsprechstunde sind ohne Termin m\u00f6glich <em>sofern keine Infektzeichen<\/em> bestehen.<\/span><\/strong><\/p>\n<p class=\"p1\"><span class=\"s1\">Bitte haben Sie Verst\u00e4ndnis dass in der Akutsprechstunde nur das akute Anliegen besprochen werden kann. Um die Ansteckungsgefahr in der Praxis zu vermindern, erfolgt die Behandlung von Infektpatienten (das gilt auch f\u00fcr z.B. Magen-Darm-Infekte) in einer seperaten Infektsprechstunde mit vorheriger Terminvergabe. Bitte melden Sie sich dazu immer vorher online,telefonisch oder per email an.<br \/>\n<\/span><\/p>\n<p class=\"p1\"><span class=\"s1\">Nutzen Sie gerne unsere <a href=\"https:\/\/tcapp.de\/hujer\/\">rendez-vous en ligne<\/a>, schreiben Sie uns \u00fcber unsere Online Rezeption an der wenden Sie sich telefonisch an meine Mitarbeiterinnen.\u00a0<\/span><\/p>\n<p style=\"text-align: center;\"><a class=\"maxbutton-3 maxbutton maxbutton-sprechstundentermin-vereinbaren\" target=\"_blank\" title=\"Il suffit de prendre rendez-vous en ligne pour conna\u00eetre nos heures de consultation d\u00e8s maintenant.\" rel=\"nofollow noopener\" href=\"https:\/\/tcapp.de\/hujer\/\"><span class='mb-text'>Prendre un rendez-vous pour une consultation<\/span><\/a><\/p>\n<hr \/>\n<h3>heures d'ouverture<\/h3>\n<p><strong>Lundi<\/strong><br \/>\nAkutsprechstunde: 7:30 \u2013 8:30 Uhr<br \/>\nTerminsprechstunde: 8:30 \u2013 12:30 Uhr<\/p>\n<p><strong>Mardi<\/strong><br \/>\nTerminsprechstunde: nach Vereinbarung und 15:00 \u2013 18:00 Uhr, jede zweite Woche bis 19:00 Uhr<\/p>\n<p><strong>Mercredi<\/strong><br \/>\nAkutsprechstunde: 7:30 \u2013 8:30 Uhr<br \/>\nTerminsprechstunde: 8:30 \u2013 12:30 Uhr<\/p>\n<p><strong>Jeudi<\/strong><br \/>\nAkutsprechstunde: 7:30 \u2013 8:30 Uhr<br \/>\nTerminsprechstunde: 8:30 \u2013 12:30 Uhr und 15:00 \u2013 18:00 Uhr, jede zweite Woche bis 19:00 Uhr<\/p>\n<p><strong>Vendredi<\/strong><br \/>\nAkutsprechstunde: 7:30 \u2013 8:30 Uhr<br \/>\nTerminsprechstunde: 8:30 \u2013 12:30 Uhr<\/p>\n<hr \/>\n<p>Rufen Sie bei Erk\u00e4ltungen\/ Infekten bitte immer vorher an und vereinbaren einen Vorstellungstermin. Wir sind bem\u00fcht Infektpatienten sowohl zeitlich als auch r\u00e4umlich von anderen Patienten zu trennen. In der Infektsprechstunde gilt weiterhin Maskenpflicht.<\/p>\n<p>&nbsp;<\/p>\n<hr \/>\n<p>Le cabinet de votre m\u00e9decin g\u00e9n\u00e9raliste francophone \u00e0 Dresde Neustadt : Notre assistante m\u00e9dicale et le m\u00e9decin se feront un plaisir de vous traiter en fran\u00e7ais. <a href=\"https:\/\/praxis-hujer.de\/fr\/\">Vous trouverez plus d&#8217;informations ici.<\/a><br \/>\nNous nous r\u00e9jouissons de votre visite !<\/p>","protected":false},"excerpt":{"rendered":"<p class=\"qua-blog-post-description\">Hausarztpraxis Nathalie Hujer\u00a0 I\u00a0 Fach\u00e4rztin f\u00fcr Innere Medizin, Notfallmedizin Ihre Arztpraxis mit familienmedizinischer Versorgung in der Dresdner Neustadt Bitte vereinbaren Sie vor Ihrem Besuch in unserer Arztpraxis immer vorab einen Termin. Vorstellungen in der Akutsprechstunde sind ohne Termin m\u00f6glich sofern keine Infektzeichen bestehen. Bitte haben Sie Verst\u00e4ndnis dass in der Akutsprechstunde nur das akute Anliegen [&hellip;]<\/p>","protected":false},"author":1,"featured_media":0,"parent":0,"menu_order":0,"comment_status":"closed","ping_status":"open","template":"","meta":{"footnotes":""},"class_list":["post-2","page","type-page","status-publish","hentry"],"yoast_head":"<!-- This site is optimized with the Yoast SEO plugin v24.1 - https:\/\/yoast.com\/wordpress\/plugins\/seo\/ -->\n<title>Ihre Hausarztpraxis in Dresden | Hausarztpraxis Hujer<\/title>\n<meta name=\"description\" content=\"Hausarztpraxis Hujer - Radeberger Str. 23 in Dresden - Tel: 0351 8014307 - Wir bieten Ihnen eine haus\u00e4rtzliche, familienmedizinische Versorgung\" \/>\n<meta name=\"robots\" content=\"index, follow, max-snippet:-1, max-image-preview:large, max-video-preview:-1\" \/>\n<link rel=\"canonical\" href=\"https:\/\/praxis-hujer.de\/fr\/\" \/>\n<meta property=\"og:locale\" content=\"fr_FR\" \/>\n<meta property=\"og:type\" content=\"article\" \/>\n<meta property=\"og:title\" content=\"Ihre Hausarztpraxis in Dresden | Hausarztpraxis Hujer\" \/>\n<meta property=\"og:description\" content=\"Hausarztpraxis Hujer - Radeberger Str. 23 in Dresden - Tel: 0351 8014307 - Wir bieten Ihnen eine haus\u00e4rtzliche, familienmedizinische Versorgung\" \/>\n<meta property=\"og:url\" content=\"https:\/\/praxis-hujer.de\/fr\/\" \/>\n<meta property=\"og:site_name\" content=\"Hausarztpraxis Hujer\" \/>\n<meta property=\"article:modified_time\" content=\"2026-02-18T12:32:41+00:00\" \/>\n<meta name=\"twitter:card\" content=\"summary_large_image\" \/>\n<!-- \/ Yoast SEO plugin. -->","yoast_head_json":{"title":"Ihre Hausarztpraxis in Dresden | Hausarztpraxis Hujer","description":"Hausarztpraxis Hujer - Radeberger Str. 23 in Dresden - Tel: 0351 8014307 - Wir bieten Ihnen eine haus\u00e4rtzliche, familienmedizinische Versorgung","robots":{"index":"index","follow":"follow","max-snippet":"max-snippet:-1","max-image-preview":"max-image-preview:large","max-video-preview":"max-video-preview:-1"},"canonical":"https:\/\/praxis-hujer.de\/fr\/","og_locale":"fr_FR","og_type":"article","og_title":"Ihre Hausarztpraxis in Dresden | Hausarztpraxis Hujer","og_description":"Hausarztpraxis Hujer - Radeberger Str. 23 in Dresden - Tel: 0351 8014307 - Wir bieten Ihnen eine haus\u00e4rtzliche, familienmedizinische Versorgung","og_url":"https:\/\/praxis-hujer.de\/fr\/","og_site_name":"Hausarztpraxis Hujer","article_modified_time":"2026-02-18T12:32:41+00:00","twitter_card":"summary_large_image","schema":{"@context":"https:\/\/schema.org","@graph":[{"@type":"WebPage","@id":"https:\/\/praxis-hujer.de\/","url":"https:\/\/praxis-hujer.de\/","name":"Ihre Hausarztpraxis in Dresden | Hausarztpraxis Hujer","isPartOf":{"@id":"https:\/\/praxis-hujer.de\/#website"},"datePublished":"2016-05-10T03:48:21+00:00","dateModified":"2026-02-18T12:32:41+00:00","description":"Hausarztpraxis Hujer - Radeberger Str. 23 in Dresden - Tel: 0351 8014307 - Wir bieten Ihnen eine haus\u00e4rtzliche, familienmedizinische Versorgung","breadcrumb":{"@id":"https:\/\/praxis-hujer.de\/#breadcrumb"},"inLanguage":"fr-FR","potentialAction":[{"@type":"ReadAction","target":["https:\/\/praxis-hujer.de\/"]}]},{"@type":"BreadcrumbList","@id":"https:\/\/praxis-hujer.de\/#breadcrumb","itemListElement":[{"@type":"ListItem","position":1,"name":"Startseite","item":"https:\/\/praxis-hujer.de\/"},{"@type":"ListItem","position":2,"name":"Ihre Hausarztpraxis in Dresden"}]},{"@type":"WebSite","@id":"https:\/\/praxis-hujer.de\/#website","url":"https:\/\/praxis-hujer.de\/","name":"Hausarztpraxis Hujer","description":"Ihre Hausarztpraxis in der Dresdner Neustadt","publisher":{"@id":"https:\/\/praxis-hujer.de\/#organization"},"potentialAction":[{"@type":"SearchAction","target":{"@type":"EntryPoint","urlTemplate":"https:\/\/praxis-hujer.de\/?s={search_term_string}"},"query-input":{"@type":"PropertyValueSpecification","valueRequired":true,"valueName":"search_term_string"}}],"inLanguage":"fr-FR"},{"@type":"Organization","@id":"https:\/\/praxis-hujer.de\/#organization","name":"Hausarztpraxis Hujer","url":"https:\/\/praxis-hujer.de\/","logo":{"@type":"ImageObject","inLanguage":"fr-FR","@id":"https:\/\/praxis-hujer.de\/#\/schema\/logo\/image\/","url":"https:\/\/praxis-hujer.de\/wp-content\/uploads\/2018\/05\/HAUSARZTPRAXIS-final-file-01.png","contentUrl":"https:\/\/praxis-hujer.de\/wp-content\/uploads\/2018\/05\/HAUSARZTPRAXIS-final-file-01.png","width":1800,"height":1200,"caption":"Hausarztpraxis Hujer"},"image":{"@id":"https:\/\/praxis-hujer.de\/#\/schema\/logo\/image\/"}}]}},"_links":{"self":[{"href":"https:\/\/praxis-hujer.de\/fr\/wp-json\/wp\/v2\/pages\/2"}],"collection":[{"href":"https:\/\/praxis-hujer.de\/fr\/wp-json\/wp\/v2\/pages"}],"about":[{"href":"https:\/\/praxis-hujer.de\/fr\/wp-json\/wp\/v2\/types\/page"}],"author":[{"embeddable":true,"href":"https:\/\/praxis-hujer.de\/fr\/wp-json\/wp\/v2\/users\/1"}],"replies":[{"embeddable":true,"href":"https:\/\/praxis-hujer.de\/fr\/wp-json\/wp\/v2\/comments?post=2"}],"version-history":[{"count":31,"href":"https:\/\/praxis-hujer.de\/fr\/wp-json\/wp\/v2\/pages\/2\/revisions"}],"predecessor-version":[{"id":671,"href":"https:\/\/praxis-hujer.de\/fr\/wp-json\/wp\/v2\/pages\/2\/revisions\/671"}],"wp:attachment":[{"href":"https:\/\/praxis-hujer.de\/fr\/wp-json\/wp\/v2\/media?parent=2"}],"curies":[{"name":"wp","href":"https:\/\/api.w.org\/{rel}","templated":true}]}}