{"id":161,"date":"2018-10-14T12:42:04","date_gmt":"2018-10-14T12:42:04","guid":{"rendered":"http:\/\/praxis-hujer.de\/?page_id=161"},"modified":"2021-03-11T20:10:52","modified_gmt":"2021-03-11T20:10:52","slug":"impfungen","status":"publish","type":"page","link":"https:\/\/praxis-hujer.de\/fr\/unser-leistungsspektrum\/impfungen\/","title":{"rendered":"Vaccinations"},"content":{"rendered":"<h4>vaccinations de routine<\/h4>\n<p>Nous r\u00e9alisons toutes les mesures de vaccination recommand\u00e9es pour les adultes et les adolescents et nous avons presque tous les vaccins importants en stock.<\/p>\n<h4>vaccination antigrippale<\/h4>\n<p>Il est d\u00e9sormais possible de se faire vacciner contre la grippe chaque ann\u00e9e. Les co\u00fbts en sont essentiellement couverts pour les malades chroniques, les femmes enceintes, les personnes de plus de 60 ans et les personnes \u00e0 risque sur le lieu de travail. Certaines caisses d'assurance maladie remboursent \u00e9galement les frais pour d'autres groupes de personnes. La vaccination contre la grippe peut \u00e9galement \u00eatre factur\u00e9e en tant que service payant selon la Geb\u00fchrenordnung f\u00fcr \u00c4rzte (Go\u00c4).<\/p>\n<h4>vaccinations de voyage<\/h4>\n<p>Les vaccinations de voyage peuvent \u00eatre effectu\u00e9es en plus des vaccinations contre la fi\u00e8vre jaune, mais elles doivent g\u00e9n\u00e9ralement \u00eatre pay\u00e9es d'avance. Selon la caisse d'assurance maladie, ils peuvent \u00eatre rembours\u00e9s apr\u00e8s pr\u00e9sentation de la facture.<\/p>\n<p style=\"text-align: center;\"><a class=\"maxbutton-3 maxbutton maxbutton-sprechstundentermin-vereinbaren\" target=\"_blank\" title=\"Il suffit de prendre rendez-vous en ligne pour conna\u00eetre nos heures de consultation d\u00e8s maintenant.\" rel=\"nofollow noopener\" href=\"https:\/\/tcapp.de\/hujer\/\"><span class='mb-text'>Prenez rendez-vous pour un traitement<\/span><\/a><\/p>","protected":false},"excerpt":{"rendered":"<p class=\"qua-blog-post-description\">Routine-Impfungen Wir f\u00fchren alle empfohlenen Impfmassnahmen f\u00fcr Erwachsene und Jugendliche durch und haben nahezu jeden wichtigen Impfstoff vorr\u00e4tig. Grippeimpfung Ab sofort besteht die M\u00f6glichkeit zur j\u00e4hrlichen Grippeimpfung. Die Kosten hierzu werden grunds\u00e4tzlich f\u00fcr chronisch Erkrankte, schwangere Frauen, Menschen \u00fcber 60 und beruflich gef\u00e4hrdete Personen \u00fcbernommen. Einzelne Krankenkassen erstatten die Kosten auch f\u00fcr weitere Personengruppen. Alternativ [&hellip;]<\/p>","protected":false},"author":1,"featured_media":0,"parent":38,"menu_order":0,"comment_status":"closed","ping_status":"closed","template":"","meta":{"footnotes":""},"class_list":["post-161","page","type-page","status-publish","hentry"],"yoast_head":"<!-- This site is optimized with the Yoast SEO plugin v24.1 - https:\/\/yoast.com\/wordpress\/plugins\/seo\/ -->\n<title>Impfungen | Hausarztpraxis Hujer<\/title>\n<meta name=\"robots\" content=\"index, follow, max-snippet:-1, max-image-preview:large, max-video-preview:-1\" \/>\n<link rel=\"canonical\" href=\"https:\/\/praxis-hujer.de\/fr\/unser-leistungsspektrum\/impfungen\/\" \/>\n<meta property=\"og:locale\" content=\"fr_FR\" \/>\n<meta property=\"og:type\" content=\"article\" \/>\n<meta property=\"og:title\" content=\"Impfungen | Hausarztpraxis Hujer\" \/>\n<meta property=\"og:description\" content=\"Routine-Impfungen Wir f\u00fchren alle empfohlenen Impfmassnahmen f\u00fcr Erwachsene und Jugendliche durch und haben nahezu jeden wichtigen Impfstoff vorr\u00e4tig. Grippeimpfung Ab sofort besteht die M\u00f6glichkeit zur j\u00e4hrlichen Grippeimpfung. Die Kosten hierzu werden grunds\u00e4tzlich f\u00fcr chronisch Erkrankte, schwangere Frauen, Menschen \u00fcber 60 und beruflich gef\u00e4hrdete Personen \u00fcbernommen. Einzelne Krankenkassen erstatten die Kosten auch f\u00fcr weitere Personengruppen. Alternativ [&hellip;]\" \/>\n<meta property=\"og:url\" content=\"https:\/\/praxis-hujer.de\/fr\/unser-leistungsspektrum\/impfungen\/\" \/>\n<meta property=\"og:site_name\" content=\"Hausarztpraxis Hujer\" \/>\n<meta property=\"article:modified_time\" content=\"2021-03-11T20:10:52+00:00\" \/>\n<meta name=\"twitter:card\" content=\"summary_large_image\" \/>\n<!-- \/ Yoast SEO plugin. -->","yoast_head_json":{"title":"Impfungen | Hausarztpraxis Hujer","robots":{"index":"index","follow":"follow","max-snippet":"max-snippet:-1","max-image-preview":"max-image-preview:large","max-video-preview":"max-video-preview:-1"},"canonical":"https:\/\/praxis-hujer.de\/fr\/unser-leistungsspektrum\/impfungen\/","og_locale":"fr_FR","og_type":"article","og_title":"Impfungen | Hausarztpraxis Hujer","og_description":"Routine-Impfungen Wir f\u00fchren alle empfohlenen Impfmassnahmen f\u00fcr Erwachsene und Jugendliche durch und haben nahezu jeden wichtigen Impfstoff vorr\u00e4tig. Grippeimpfung Ab sofort besteht die M\u00f6glichkeit zur j\u00e4hrlichen Grippeimpfung. Die Kosten hierzu werden grunds\u00e4tzlich f\u00fcr chronisch Erkrankte, schwangere Frauen, Menschen \u00fcber 60 und beruflich gef\u00e4hrdete Personen \u00fcbernommen. Einzelne Krankenkassen erstatten die Kosten auch f\u00fcr weitere Personengruppen. Alternativ [&hellip;]","og_url":"https:\/\/praxis-hujer.de\/fr\/unser-leistungsspektrum\/impfungen\/","og_site_name":"Hausarztpraxis Hujer","article_modified_time":"2021-03-11T20:10:52+00:00","twitter_card":"summary_large_image","schema":{"@context":"https:\/\/schema.org","@graph":[{"@type":"WebPage","@id":"https:\/\/praxis-hujer.de\/unser-leistungsspektrum\/impfungen\/","url":"https:\/\/praxis-hujer.de\/unser-leistungsspektrum\/impfungen\/","name":"Impfungen | Hausarztpraxis Hujer","isPartOf":{"@id":"https:\/\/praxis-hujer.de\/#website"},"datePublished":"2018-10-14T12:42:04+00:00","dateModified":"2021-03-11T20:10:52+00:00","breadcrumb":{"@id":"https:\/\/praxis-hujer.de\/unser-leistungsspektrum\/impfungen\/#breadcrumb"},"inLanguage":"fr-FR","potentialAction":[{"@type":"ReadAction","target":["https:\/\/praxis-hujer.de\/unser-leistungsspektrum\/impfungen\/"]}]},{"@type":"BreadcrumbList","@id":"https:\/\/praxis-hujer.de\/unser-leistungsspektrum\/impfungen\/#breadcrumb","itemListElement":[{"@type":"ListItem","position":1,"name":"Startseite","item":"https:\/\/praxis-hujer.de\/"},{"@type":"ListItem","position":2,"name":"Leistungen","item":"https:\/\/praxis-hujer.de\/unser-leistungsspektrum\/"},{"@type":"ListItem","position":3,"name":"Impfungen"}]},{"@type":"WebSite","@id":"https:\/\/praxis-hujer.de\/#website","url":"https:\/\/praxis-hujer.de\/","name":"Hausarztpraxis Hujer","description":"Ihre Hausarztpraxis in der Dresdner Neustadt","publisher":{"@id":"https:\/\/praxis-hujer.de\/#organization"},"potentialAction":[{"@type":"SearchAction","target":{"@type":"EntryPoint","urlTemplate":"https:\/\/praxis-hujer.de\/?s={search_term_string}"},"query-input":{"@type":"PropertyValueSpecification","valueRequired":true,"valueName":"search_term_string"}}],"inLanguage":"fr-FR"},{"@type":"Organization","@id":"https:\/\/praxis-hujer.de\/#organization","name":"Hausarztpraxis Hujer","url":"https:\/\/praxis-hujer.de\/","logo":{"@type":"ImageObject","inLanguage":"fr-FR","@id":"https:\/\/praxis-hujer.de\/#\/schema\/logo\/image\/","url":"https:\/\/praxis-hujer.de\/wp-content\/uploads\/2018\/05\/HAUSARZTPRAXIS-final-file-01.png","contentUrl":"https:\/\/praxis-hujer.de\/wp-content\/uploads\/2018\/05\/HAUSARZTPRAXIS-final-file-01.png","width":1800,"height":1200,"caption":"Hausarztpraxis Hujer"},"image":{"@id":"https:\/\/praxis-hujer.de\/#\/schema\/logo\/image\/"}}]}},"_links":{"self":[{"href":"https:\/\/praxis-hujer.de\/fr\/wp-json\/wp\/v2\/pages\/161"}],"collection":[{"href":"https:\/\/praxis-hujer.de\/fr\/wp-json\/wp\/v2\/pages"}],"about":[{"href":"https:\/\/praxis-hujer.de\/fr\/wp-json\/wp\/v2\/types\/page"}],"author":[{"embeddable":true,"href":"https:\/\/praxis-hujer.de\/fr\/wp-json\/wp\/v2\/users\/1"}],"replies":[{"embeddable":true,"href":"https:\/\/praxis-hujer.de\/fr\/wp-json\/wp\/v2\/comments?post=161"}],"version-history":[{"count":4,"href":"https:\/\/praxis-hujer.de\/fr\/wp-json\/wp\/v2\/pages\/161\/revisions"}],"predecessor-version":[{"id":486,"href":"https:\/\/praxis-hujer.de\/fr\/wp-json\/wp\/v2\/pages\/161\/revisions\/486"}],"up":[{"embeddable":true,"href":"https:\/\/praxis-hujer.de\/fr\/wp-json\/wp\/v2\/pages\/38"}],"wp:attachment":[{"href":"https:\/\/praxis-hujer.de\/fr\/wp-json\/wp\/v2\/media?parent=161"}],"curies":[{"name":"wp","href":"https:\/\/api.w.org\/{rel}","templated":true}]}}