{"id":158,"date":"2018-10-14T12:38:59","date_gmt":"2018-10-14T12:38:59","guid":{"rendered":"http:\/\/praxis-hujer.de\/?page_id=158"},"modified":"2021-03-11T20:11:52","modified_gmt":"2021-03-11T20:11:52","slug":"kleine-chirurgie","status":"publish","type":"page","link":"https:\/\/praxis-hujer.de\/fr\/unser-leistungsspektrum\/kleine-chirurgie\/","title":{"rendered":"chirurgie des petits plaies"},"content":{"rendered":"<p>Nous pouvons r\u00e9aliser nous-m\u00eames de petites interventions chirurgicales sous anesth\u00e9sie locale (p. ex. suture de simples lac\u00e9rations, ablation de grains de beaut\u00e9 visibles). Nous pouvons \u00e9galement assurer le suivi des interventions chirurgicales, le contr\u00f4le des plaies, le traitement des plaies chroniques et tous les types de pansements et de changements de pansements.<\/p>\n<p>&nbsp;<\/p>\n<p style=\"text-align: center;\"><a class=\"maxbutton-3 maxbutton maxbutton-sprechstundentermin-vereinbaren\" target=\"_blank\" title=\"Il suffit de prendre rendez-vous en ligne pour conna\u00eetre nos heures de consultation d\u00e8s maintenant.\" rel=\"nofollow noopener\" href=\"https:\/\/tcapp.de\/hujer\/\"><span class='mb-text'>Prenez rendez-vous pour un traitement<\/span><\/a><\/p>","protected":false},"excerpt":{"rendered":"<p class=\"qua-blog-post-description\">Nous pouvons r\u00e9aliser nous-m\u00eames de petites interventions chirurgicales sous anesth\u00e9sie locale (p. ex. suture de simples lac\u00e9rations, ablation de grains de beaut\u00e9 visibles). Nous pouvons \u00e9galement assurer le suivi des interventions chirurgicales, le contr\u00f4le des plaies, le traitement des plaies chroniques et tous les types de pansements et de changements de pansements. &nbsp;<\/p>","protected":false},"author":1,"featured_media":0,"parent":38,"menu_order":0,"comment_status":"closed","ping_status":"closed","template":"","meta":{"footnotes":""},"class_list":["post-158","page","type-page","status-publish","hentry"],"yoast_head":"<!-- This site is optimized with the Yoast SEO plugin v24.1 - https:\/\/yoast.com\/wordpress\/plugins\/seo\/ -->\n<title>Kleine Chirurgie | Hausarztpraxis Hujer<\/title>\n<meta name=\"robots\" content=\"index, follow, max-snippet:-1, max-image-preview:large, max-video-preview:-1\" \/>\n<link rel=\"canonical\" href=\"https:\/\/praxis-hujer.de\/fr\/unser-leistungsspektrum\/kleine-chirurgie\/\" \/>\n<meta property=\"og:locale\" content=\"fr_FR\" \/>\n<meta property=\"og:type\" content=\"article\" \/>\n<meta property=\"og:title\" content=\"Kleine Chirurgie | Hausarztpraxis Hujer\" \/>\n<meta property=\"og:description\" content=\"Kleine chirurgische Eingriffe mit lokaler Bet\u00e4ubung k\u00f6nnen wir selbst durchf\u00fchren (z.B. N\u00e4hen von einfachen Platzwunden, Entfernen von auff\u00e4lligen Muttermalen). Auch die Nachbehandlung von operativen Eingriffen, Wundkontrollen, Behandlung von chronischen Wunden und alle Arten von Verb\u00e4nden und Verbandswechseln k\u00f6nnen wir durchf\u00fchren. &nbsp;\" \/>\n<meta property=\"og:url\" content=\"https:\/\/praxis-hujer.de\/fr\/unser-leistungsspektrum\/kleine-chirurgie\/\" \/>\n<meta property=\"og:site_name\" content=\"Hausarztpraxis Hujer\" \/>\n<meta property=\"article:modified_time\" content=\"2021-03-11T20:11:52+00:00\" \/>\n<meta name=\"twitter:card\" content=\"summary_large_image\" \/>\n<!-- \/ Yoast SEO plugin. -->","yoast_head_json":{"title":"Kleine Chirurgie | Hausarztpraxis Hujer","robots":{"index":"index","follow":"follow","max-snippet":"max-snippet:-1","max-image-preview":"max-image-preview:large","max-video-preview":"max-video-preview:-1"},"canonical":"https:\/\/praxis-hujer.de\/fr\/unser-leistungsspektrum\/kleine-chirurgie\/","og_locale":"fr_FR","og_type":"article","og_title":"Kleine Chirurgie | Hausarztpraxis Hujer","og_description":"Kleine chirurgische Eingriffe mit lokaler Bet\u00e4ubung k\u00f6nnen wir selbst durchf\u00fchren (z.B. N\u00e4hen von einfachen Platzwunden, Entfernen von auff\u00e4lligen Muttermalen). Auch die Nachbehandlung von operativen Eingriffen, Wundkontrollen, Behandlung von chronischen Wunden und alle Arten von Verb\u00e4nden und Verbandswechseln k\u00f6nnen wir durchf\u00fchren. &nbsp;","og_url":"https:\/\/praxis-hujer.de\/fr\/unser-leistungsspektrum\/kleine-chirurgie\/","og_site_name":"Hausarztpraxis Hujer","article_modified_time":"2021-03-11T20:11:52+00:00","twitter_card":"summary_large_image","schema":{"@context":"https:\/\/schema.org","@graph":[{"@type":"WebPage","@id":"https:\/\/praxis-hujer.de\/unser-leistungsspektrum\/kleine-chirurgie\/","url":"https:\/\/praxis-hujer.de\/unser-leistungsspektrum\/kleine-chirurgie\/","name":"Kleine Chirurgie | Hausarztpraxis Hujer","isPartOf":{"@id":"https:\/\/praxis-hujer.de\/#website"},"datePublished":"2018-10-14T12:38:59+00:00","dateModified":"2021-03-11T20:11:52+00:00","breadcrumb":{"@id":"https:\/\/praxis-hujer.de\/unser-leistungsspektrum\/kleine-chirurgie\/#breadcrumb"},"inLanguage":"fr-FR","potentialAction":[{"@type":"ReadAction","target":["https:\/\/praxis-hujer.de\/unser-leistungsspektrum\/kleine-chirurgie\/"]}]},{"@type":"BreadcrumbList","@id":"https:\/\/praxis-hujer.de\/unser-leistungsspektrum\/kleine-chirurgie\/#breadcrumb","itemListElement":[{"@type":"ListItem","position":1,"name":"Startseite","item":"https:\/\/praxis-hujer.de\/"},{"@type":"ListItem","position":2,"name":"Leistungen","item":"https:\/\/praxis-hujer.de\/unser-leistungsspektrum\/"},{"@type":"ListItem","position":3,"name":"Kleine Chirurgie"}]},{"@type":"WebSite","@id":"https:\/\/praxis-hujer.de\/#website","url":"https:\/\/praxis-hujer.de\/","name":"Hausarztpraxis Hujer","description":"Ihre Hausarztpraxis in der Dresdner Neustadt","publisher":{"@id":"https:\/\/praxis-hujer.de\/#organization"},"potentialAction":[{"@type":"SearchAction","target":{"@type":"EntryPoint","urlTemplate":"https:\/\/praxis-hujer.de\/?s={search_term_string}"},"query-input":{"@type":"PropertyValueSpecification","valueRequired":true,"valueName":"search_term_string"}}],"inLanguage":"fr-FR"},{"@type":"Organization","@id":"https:\/\/praxis-hujer.de\/#organization","name":"Hausarztpraxis Hujer","url":"https:\/\/praxis-hujer.de\/","logo":{"@type":"ImageObject","inLanguage":"fr-FR","@id":"https:\/\/praxis-hujer.de\/#\/schema\/logo\/image\/","url":"https:\/\/praxis-hujer.de\/wp-content\/uploads\/2018\/05\/HAUSARZTPRAXIS-final-file-01.png","contentUrl":"https:\/\/praxis-hujer.de\/wp-content\/uploads\/2018\/05\/HAUSARZTPRAXIS-final-file-01.png","width":1800,"height":1200,"caption":"Hausarztpraxis Hujer"},"image":{"@id":"https:\/\/praxis-hujer.de\/#\/schema\/logo\/image\/"}}]}},"_links":{"self":[{"href":"https:\/\/praxis-hujer.de\/fr\/wp-json\/wp\/v2\/pages\/158"}],"collection":[{"href":"https:\/\/praxis-hujer.de\/fr\/wp-json\/wp\/v2\/pages"}],"about":[{"href":"https:\/\/praxis-hujer.de\/fr\/wp-json\/wp\/v2\/types\/page"}],"author":[{"embeddable":true,"href":"https:\/\/praxis-hujer.de\/fr\/wp-json\/wp\/v2\/users\/1"}],"replies":[{"embeddable":true,"href":"https:\/\/praxis-hujer.de\/fr\/wp-json\/wp\/v2\/comments?post=158"}],"version-history":[{"count":1,"href":"https:\/\/praxis-hujer.de\/fr\/wp-json\/wp\/v2\/pages\/158\/revisions"}],"predecessor-version":[{"id":488,"href":"https:\/\/praxis-hujer.de\/fr\/wp-json\/wp\/v2\/pages\/158\/revisions\/488"}],"up":[{"embeddable":true,"href":"https:\/\/praxis-hujer.de\/fr\/wp-json\/wp\/v2\/pages\/38"}],"wp:attachment":[{"href":"https:\/\/praxis-hujer.de\/fr\/wp-json\/wp\/v2\/media?parent=158"}],"curies":[{"name":"wp","href":"https:\/\/api.w.org\/{rel}","templated":true}]}}