{"id":154,"date":"2018-10-14T12:36:01","date_gmt":"2018-10-14T12:36:01","guid":{"rendered":"http:\/\/praxis-hujer.de\/?page_id=154"},"modified":"2021-03-11T20:13:11","modified_gmt":"2021-03-11T20:13:11","slug":"tauglichkeitsuntersuchungen","status":"publish","type":"page","link":"https:\/\/praxis-hujer.de\/fr\/unser-leistungsspektrum\/tauglichkeitsuntersuchungen\/","title":{"rendered":"Test de condition physique"},"content":{"rendered":"<h4>tests d'aptitude \u00e0 la plong\u00e9e<\/h4>\n<p>La plong\u00e9e est un sport dans lequel la sant\u00e9 physique est indispensable et une limitation physique doit donc \u00eatre exclue \u00e0 l'avance au moyen de diverses techniques d'examen. Nous offrons l'examen selon les recommandations de la Soci\u00e9t\u00e9 Allemande de M\u00e9decine de Plong\u00e9e et de Pression. Il est recommand\u00e9 de r\u00e9p\u00e9ter les examens en fonction de l'\u00e2ge entre 1 et 3 ans apr\u00e8s le premier examen. Cet examen n'est pas couvert par l'assurance maladie l\u00e9gale et est donc un paiement priv\u00e9 qui doit \u00eatre factur\u00e9 comme un service priv\u00e9 selon la Geb\u00fchrenordnung f\u00fcr \u00c4rzte (GO\u00c4).<\/p>\n<p>&nbsp;<\/p>\n<h4>permis de bateau sport<\/h4>\n<p>Comme pour le permis de conduire, une bonne capacit\u00e9 de r\u00e9action et une bonne condition physique sont des conditions pr\u00e9alables. Nous offrons l'examen complet et le certificat. Cet examen n'est pas couvert par l'assurance maladie l\u00e9gale et est donc un paiement priv\u00e9 qui doit \u00eatre factur\u00e9 comme un service priv\u00e9 selon la Geb\u00fchrenordnung f\u00fcr \u00c4rzte (GO\u00c4).<\/p>\n<p>&nbsp;<\/p>\n<h4>enqu\u00eate sur la protection de l'emploi des jeunes<\/h4>\n<p>En raison des dispositions l\u00e9gales, les jeunes (15-18 ans) doivent \u00eatre examin\u00e9s par un m\u00e9decin avant de commencer \u00e0 travailler afin d'\u00e9viter que l'activit\u00e9 souhait\u00e9e ait un effet n\u00e9gatif sur leur d\u00e9veloppement. La vue, l'ou\u00efe, la tension art\u00e9rielle, l'urine et l'\u00e9tat physique sont examin\u00e9s et l'\u00e9tat vaccinal est v\u00e9rifi\u00e9 et compl\u00e9t\u00e9 si n\u00e9cessaire. Un examen de suivi est pr\u00e9vu un an apr\u00e8s le d\u00e9but des travaux. Les frais d'examen sont \u00e0 la charge du Land de Saxe.<\/p>\n<p>&nbsp;<\/p>\n<p style=\"text-align: center;\"><a class=\"maxbutton-3 maxbutton maxbutton-sprechstundentermin-vereinbaren\" target=\"_blank\" title=\"Il suffit de prendre rendez-vous en ligne pour conna\u00eetre nos heures de consultation d\u00e8s maintenant.\" rel=\"nofollow noopener\" href=\"https:\/\/tcapp.de\/hujer\/\"><span class='mb-text'>Untersuchungstermin vereinbaren<\/span><\/a><\/p>","protected":false},"excerpt":{"rendered":"<p class=\"qua-blog-post-description\">Tauchtauglichkeitsuntersuchungen Tauchen ist ein Sport bei dem k\u00f6rperliche Gesundheit unabdingbar ist und daher im Vorfeld mittels verschiedener Untersuchungstechniken eine k\u00f6rperliche Einschr\u00e4nkung ausgeschlossen werden sollte. Wir bieten die Untersuchung nach der Empfehlung der Deutschen Gesellschaft f\u00fcr Tauch- und \u00dcberdruckmedizin e.V an. Wiederholungsuntersuchungen werden je nach Alter zwischen 1 und 3 Jahren nach der Erstuntersuchung empfohlen. Diese [&hellip;]<\/p>","protected":false},"author":1,"featured_media":0,"parent":38,"menu_order":0,"comment_status":"closed","ping_status":"closed","template":"","meta":{"footnotes":""},"class_list":["post-154","page","type-page","status-publish","hentry"],"yoast_head":"<!-- This site is optimized with the Yoast SEO plugin v24.1 - https:\/\/yoast.com\/wordpress\/plugins\/seo\/ -->\n<title>Tauglichkeitsuntersuchungen | Hausarztpraxis Hujer<\/title>\n<meta name=\"robots\" content=\"index, follow, max-snippet:-1, max-image-preview:large, max-video-preview:-1\" \/>\n<link rel=\"canonical\" href=\"https:\/\/praxis-hujer.de\/fr\/unser-leistungsspektrum\/tauglichkeitsuntersuchungen\/\" \/>\n<meta property=\"og:locale\" content=\"fr_FR\" \/>\n<meta property=\"og:type\" content=\"article\" \/>\n<meta property=\"og:title\" content=\"Tauglichkeitsuntersuchungen | Hausarztpraxis Hujer\" \/>\n<meta property=\"og:description\" content=\"Tauchtauglichkeitsuntersuchungen Tauchen ist ein Sport bei dem k\u00f6rperliche Gesundheit unabdingbar ist und daher im Vorfeld mittels verschiedener Untersuchungstechniken eine k\u00f6rperliche Einschr\u00e4nkung ausgeschlossen werden sollte. Wir bieten die Untersuchung nach der Empfehlung der Deutschen Gesellschaft f\u00fcr Tauch- und \u00dcberdruckmedizin e.V an. Wiederholungsuntersuchungen werden je nach Alter zwischen 1 und 3 Jahren nach der Erstuntersuchung empfohlen. Diese [&hellip;]\" \/>\n<meta property=\"og:url\" content=\"https:\/\/praxis-hujer.de\/fr\/unser-leistungsspektrum\/tauglichkeitsuntersuchungen\/\" \/>\n<meta property=\"og:site_name\" content=\"Hausarztpraxis Hujer\" \/>\n<meta property=\"article:modified_time\" content=\"2021-03-11T20:13:11+00:00\" \/>\n<meta name=\"twitter:card\" content=\"summary_large_image\" \/>\n<!-- \/ Yoast SEO plugin. -->","yoast_head_json":{"title":"Tauglichkeitsuntersuchungen | Hausarztpraxis Hujer","robots":{"index":"index","follow":"follow","max-snippet":"max-snippet:-1","max-image-preview":"max-image-preview:large","max-video-preview":"max-video-preview:-1"},"canonical":"https:\/\/praxis-hujer.de\/fr\/unser-leistungsspektrum\/tauglichkeitsuntersuchungen\/","og_locale":"fr_FR","og_type":"article","og_title":"Tauglichkeitsuntersuchungen | Hausarztpraxis Hujer","og_description":"Tauchtauglichkeitsuntersuchungen Tauchen ist ein Sport bei dem k\u00f6rperliche Gesundheit unabdingbar ist und daher im Vorfeld mittels verschiedener Untersuchungstechniken eine k\u00f6rperliche Einschr\u00e4nkung ausgeschlossen werden sollte. Wir bieten die Untersuchung nach der Empfehlung der Deutschen Gesellschaft f\u00fcr Tauch- und \u00dcberdruckmedizin e.V an. Wiederholungsuntersuchungen werden je nach Alter zwischen 1 und 3 Jahren nach der Erstuntersuchung empfohlen. Diese [&hellip;]","og_url":"https:\/\/praxis-hujer.de\/fr\/unser-leistungsspektrum\/tauglichkeitsuntersuchungen\/","og_site_name":"Hausarztpraxis Hujer","article_modified_time":"2021-03-11T20:13:11+00:00","twitter_card":"summary_large_image","schema":{"@context":"https:\/\/schema.org","@graph":[{"@type":"WebPage","@id":"https:\/\/praxis-hujer.de\/unser-leistungsspektrum\/tauglichkeitsuntersuchungen\/","url":"https:\/\/praxis-hujer.de\/unser-leistungsspektrum\/tauglichkeitsuntersuchungen\/","name":"Tauglichkeitsuntersuchungen | Hausarztpraxis Hujer","isPartOf":{"@id":"https:\/\/praxis-hujer.de\/#website"},"datePublished":"2018-10-14T12:36:01+00:00","dateModified":"2021-03-11T20:13:11+00:00","breadcrumb":{"@id":"https:\/\/praxis-hujer.de\/unser-leistungsspektrum\/tauglichkeitsuntersuchungen\/#breadcrumb"},"inLanguage":"fr-FR","potentialAction":[{"@type":"ReadAction","target":["https:\/\/praxis-hujer.de\/unser-leistungsspektrum\/tauglichkeitsuntersuchungen\/"]}]},{"@type":"BreadcrumbList","@id":"https:\/\/praxis-hujer.de\/unser-leistungsspektrum\/tauglichkeitsuntersuchungen\/#breadcrumb","itemListElement":[{"@type":"ListItem","position":1,"name":"Startseite","item":"https:\/\/praxis-hujer.de\/"},{"@type":"ListItem","position":2,"name":"Leistungen","item":"https:\/\/praxis-hujer.de\/unser-leistungsspektrum\/"},{"@type":"ListItem","position":3,"name":"Tauglichkeitsuntersuchungen"}]},{"@type":"WebSite","@id":"https:\/\/praxis-hujer.de\/#website","url":"https:\/\/praxis-hujer.de\/","name":"Hausarztpraxis Hujer","description":"Ihre Hausarztpraxis in der Dresdner Neustadt","publisher":{"@id":"https:\/\/praxis-hujer.de\/#organization"},"potentialAction":[{"@type":"SearchAction","target":{"@type":"EntryPoint","urlTemplate":"https:\/\/praxis-hujer.de\/?s={search_term_string}"},"query-input":{"@type":"PropertyValueSpecification","valueRequired":true,"valueName":"search_term_string"}}],"inLanguage":"fr-FR"},{"@type":"Organization","@id":"https:\/\/praxis-hujer.de\/#organization","name":"Hausarztpraxis Hujer","url":"https:\/\/praxis-hujer.de\/","logo":{"@type":"ImageObject","inLanguage":"fr-FR","@id":"https:\/\/praxis-hujer.de\/#\/schema\/logo\/image\/","url":"https:\/\/praxis-hujer.de\/wp-content\/uploads\/2018\/05\/HAUSARZTPRAXIS-final-file-01.png","contentUrl":"https:\/\/praxis-hujer.de\/wp-content\/uploads\/2018\/05\/HAUSARZTPRAXIS-final-file-01.png","width":1800,"height":1200,"caption":"Hausarztpraxis Hujer"},"image":{"@id":"https:\/\/praxis-hujer.de\/#\/schema\/logo\/image\/"}}]}},"_links":{"self":[{"href":"https:\/\/praxis-hujer.de\/fr\/wp-json\/wp\/v2\/pages\/154"}],"collection":[{"href":"https:\/\/praxis-hujer.de\/fr\/wp-json\/wp\/v2\/pages"}],"about":[{"href":"https:\/\/praxis-hujer.de\/fr\/wp-json\/wp\/v2\/types\/page"}],"author":[{"embeddable":true,"href":"https:\/\/praxis-hujer.de\/fr\/wp-json\/wp\/v2\/users\/1"}],"replies":[{"embeddable":true,"href":"https:\/\/praxis-hujer.de\/fr\/wp-json\/wp\/v2\/comments?post=154"}],"version-history":[{"count":1,"href":"https:\/\/praxis-hujer.de\/fr\/wp-json\/wp\/v2\/pages\/154\/revisions"}],"predecessor-version":[{"id":490,"href":"https:\/\/praxis-hujer.de\/fr\/wp-json\/wp\/v2\/pages\/154\/revisions\/490"}],"up":[{"embeddable":true,"href":"https:\/\/praxis-hujer.de\/fr\/wp-json\/wp\/v2\/pages\/38"}],"wp:attachment":[{"href":"https:\/\/praxis-hujer.de\/fr\/wp-json\/wp\/v2\/media?parent=154"}],"curies":[{"name":"wp","href":"https:\/\/api.w.org\/{rel}","templated":true}]}}