{"id":147,"date":"2018-10-14T12:28:42","date_gmt":"2018-10-14T12:28:42","guid":{"rendered":"http:\/\/praxis-hujer.de\/?page_id=147"},"modified":"2021-03-11T20:11:26","modified_gmt":"2021-03-11T20:11:26","slug":"jugendgesundheitsuntersuchungen","status":"publish","type":"page","link":"https:\/\/praxis-hujer.de\/fr\/unser-leistungsspektrum\/jugendgesundheitsuntersuchungen\/","title":{"rendered":"contr\u00f4les de sant\u00e9 pour les jeune"},"content":{"rendered":"<h4>L'examen J1<\/h4>\n<p><em>(Adolescents de 12 \u00e0 14 ans)<\/em><\/p>\n<p>L'examen J1 sert \u00e0 identifier et \u00e0 traiter les facteurs de risque ou les maladies chez les adolescents \u00e0 un stade pr\u00e9coce. Il compl\u00e8te les dix examens U qui ont lieu au cours des six premi\u00e8res ann\u00e9es de la vie de l'enfant et comprend l'anamn\u00e8se, l'examen physique, le conseil sur les questions de d\u00e9veloppement physique, mental et social ainsi que le contr\u00f4le du statut vaccinal. Cet examen est pris en charge par les caisses d'assurance maladie obligatoires.<\/p>\n<p>&nbsp;<\/p>\n<h4>L'examen J2<\/h4>\n<p><em>(Adolescents de 16 \u00e0 17 ans)<\/em><\/p>\n<p>L'examen J2 sert \u00e0 identifier et \u00e0 \u00e9valuer les risques m\u00e9dicaux tels que les maladies thyro\u00efdiennes, le diab\u00e8te, la posture et la condition physique. De plus, la socialisation et le d\u00e9veloppement comportemental, le d\u00e9veloppement de la sexualit\u00e9, le comportement m\u00e9diatique ainsi que la manipulation des drogues sont au centre de l'enqu\u00eate. Cet examen n'est pas couvert par toutes les caisses maladie. En Saxe, les frais ne sont rembours\u00e9s que pour les assur\u00e9s de la Knappschaft, TK et AOK plus.<\/p>\n<p>&nbsp;<\/p>\n<p>De plus, nous offrons les services suivants\u00a0<a href=\"http:\/\/praxis-hujer.de\/fr\/tauglichkeitsuntersuchungen\/\">enqu\u00eate sur la protection de l'emploi des jeunes<\/a> pour les jeunes avant de commencer \u00e0 travailler.<\/p>\n<p>&nbsp;<\/p>\n<p style=\"text-align: center;\"><a class=\"maxbutton-3 maxbutton maxbutton-sprechstundentermin-vereinbaren\" target=\"_blank\" title=\"Il suffit de prendre rendez-vous en ligne pour conna\u00eetre nos heures de consultation d\u00e8s maintenant.\" rel=\"nofollow noopener\" href=\"https:\/\/tcapp.de\/hujer\/\"><span class='mb-text'>Prenez rendez-vous pour un traitement<\/span><\/a><\/p>","protected":false},"excerpt":{"rendered":"<p class=\"qua-blog-post-description\">J1 Untersuchung (Jugendliche von 12 bis 14 Jahre) Die J1 Untersuchung dient dazu Risikofaktoren oder Erkrankungen bei Jugendlichen fr\u00fchzeitig zu erkennen und zu behandeln. Sie erg\u00e4nzt die zehn U-Untersuchungen, die innerhalb der ersten sechs Lebensjahre eines Kindes stattfinden und beinhaltet Anamnese, k\u00f6rperliche Untersuchung, Beratung zu Fragen der k\u00f6rperlichen, seelischen und sozialen Entwicklung sowie die Kontrolle [&hellip;]<\/p>","protected":false},"author":1,"featured_media":0,"parent":38,"menu_order":0,"comment_status":"closed","ping_status":"closed","template":"","meta":{"footnotes":""},"class_list":["post-147","page","type-page","status-publish","hentry"],"yoast_head":"<!-- This site is optimized with the Yoast SEO plugin v24.1 - https:\/\/yoast.com\/wordpress\/plugins\/seo\/ -->\n<title>Jugendgesundheitsuntersuchungen | Hausarztpraxis Hujer<\/title>\n<meta name=\"robots\" content=\"index, follow, max-snippet:-1, max-image-preview:large, max-video-preview:-1\" \/>\n<link rel=\"canonical\" href=\"https:\/\/praxis-hujer.de\/fr\/unser-leistungsspektrum\/jugendgesundheitsuntersuchungen\/\" \/>\n<meta property=\"og:locale\" content=\"fr_FR\" \/>\n<meta property=\"og:type\" content=\"article\" \/>\n<meta property=\"og:title\" content=\"Jugendgesundheitsuntersuchungen | Hausarztpraxis Hujer\" \/>\n<meta property=\"og:description\" content=\"J1 Untersuchung (Jugendliche von 12 bis 14 Jahre) Die J1 Untersuchung dient dazu Risikofaktoren oder Erkrankungen bei Jugendlichen fr\u00fchzeitig zu erkennen und zu behandeln. Sie erg\u00e4nzt die zehn U-Untersuchungen, die innerhalb der ersten sechs Lebensjahre eines Kindes stattfinden und beinhaltet Anamnese, k\u00f6rperliche Untersuchung, Beratung zu Fragen der k\u00f6rperlichen, seelischen und sozialen Entwicklung sowie die Kontrolle [&hellip;]\" \/>\n<meta property=\"og:url\" content=\"https:\/\/praxis-hujer.de\/fr\/unser-leistungsspektrum\/jugendgesundheitsuntersuchungen\/\" \/>\n<meta property=\"og:site_name\" content=\"Hausarztpraxis Hujer\" \/>\n<meta property=\"article:modified_time\" content=\"2021-03-11T20:11:26+00:00\" \/>\n<meta name=\"twitter:card\" content=\"summary_large_image\" \/>\n<!-- \/ Yoast SEO plugin. -->","yoast_head_json":{"title":"Jugendgesundheitsuntersuchungen | Hausarztpraxis Hujer","robots":{"index":"index","follow":"follow","max-snippet":"max-snippet:-1","max-image-preview":"max-image-preview:large","max-video-preview":"max-video-preview:-1"},"canonical":"https:\/\/praxis-hujer.de\/fr\/unser-leistungsspektrum\/jugendgesundheitsuntersuchungen\/","og_locale":"fr_FR","og_type":"article","og_title":"Jugendgesundheitsuntersuchungen | Hausarztpraxis Hujer","og_description":"J1 Untersuchung (Jugendliche von 12 bis 14 Jahre) Die J1 Untersuchung dient dazu Risikofaktoren oder Erkrankungen bei Jugendlichen fr\u00fchzeitig zu erkennen und zu behandeln. Sie erg\u00e4nzt die zehn U-Untersuchungen, die innerhalb der ersten sechs Lebensjahre eines Kindes stattfinden und beinhaltet Anamnese, k\u00f6rperliche Untersuchung, Beratung zu Fragen der k\u00f6rperlichen, seelischen und sozialen Entwicklung sowie die Kontrolle [&hellip;]","og_url":"https:\/\/praxis-hujer.de\/fr\/unser-leistungsspektrum\/jugendgesundheitsuntersuchungen\/","og_site_name":"Hausarztpraxis Hujer","article_modified_time":"2021-03-11T20:11:26+00:00","twitter_card":"summary_large_image","schema":{"@context":"https:\/\/schema.org","@graph":[{"@type":"WebPage","@id":"https:\/\/praxis-hujer.de\/unser-leistungsspektrum\/jugendgesundheitsuntersuchungen\/","url":"https:\/\/praxis-hujer.de\/unser-leistungsspektrum\/jugendgesundheitsuntersuchungen\/","name":"Jugendgesundheitsuntersuchungen | Hausarztpraxis Hujer","isPartOf":{"@id":"https:\/\/praxis-hujer.de\/#website"},"datePublished":"2018-10-14T12:28:42+00:00","dateModified":"2021-03-11T20:11:26+00:00","breadcrumb":{"@id":"https:\/\/praxis-hujer.de\/unser-leistungsspektrum\/jugendgesundheitsuntersuchungen\/#breadcrumb"},"inLanguage":"fr-FR","potentialAction":[{"@type":"ReadAction","target":["https:\/\/praxis-hujer.de\/unser-leistungsspektrum\/jugendgesundheitsuntersuchungen\/"]}]},{"@type":"BreadcrumbList","@id":"https:\/\/praxis-hujer.de\/unser-leistungsspektrum\/jugendgesundheitsuntersuchungen\/#breadcrumb","itemListElement":[{"@type":"ListItem","position":1,"name":"Startseite","item":"https:\/\/praxis-hujer.de\/"},{"@type":"ListItem","position":2,"name":"Leistungen","item":"https:\/\/praxis-hujer.de\/unser-leistungsspektrum\/"},{"@type":"ListItem","position":3,"name":"Jugendgesundheitsuntersuchungen"}]},{"@type":"WebSite","@id":"https:\/\/praxis-hujer.de\/#website","url":"https:\/\/praxis-hujer.de\/","name":"Hausarztpraxis Hujer","description":"Ihre Hausarztpraxis in der Dresdner Neustadt","publisher":{"@id":"https:\/\/praxis-hujer.de\/#organization"},"potentialAction":[{"@type":"SearchAction","target":{"@type":"EntryPoint","urlTemplate":"https:\/\/praxis-hujer.de\/?s={search_term_string}"},"query-input":{"@type":"PropertyValueSpecification","valueRequired":true,"valueName":"search_term_string"}}],"inLanguage":"fr-FR"},{"@type":"Organization","@id":"https:\/\/praxis-hujer.de\/#organization","name":"Hausarztpraxis Hujer","url":"https:\/\/praxis-hujer.de\/","logo":{"@type":"ImageObject","inLanguage":"fr-FR","@id":"https:\/\/praxis-hujer.de\/#\/schema\/logo\/image\/","url":"https:\/\/praxis-hujer.de\/wp-content\/uploads\/2018\/05\/HAUSARZTPRAXIS-final-file-01.png","contentUrl":"https:\/\/praxis-hujer.de\/wp-content\/uploads\/2018\/05\/HAUSARZTPRAXIS-final-file-01.png","width":1800,"height":1200,"caption":"Hausarztpraxis Hujer"},"image":{"@id":"https:\/\/praxis-hujer.de\/#\/schema\/logo\/image\/"}}]}},"_links":{"self":[{"href":"https:\/\/praxis-hujer.de\/fr\/wp-json\/wp\/v2\/pages\/147"}],"collection":[{"href":"https:\/\/praxis-hujer.de\/fr\/wp-json\/wp\/v2\/pages"}],"about":[{"href":"https:\/\/praxis-hujer.de\/fr\/wp-json\/wp\/v2\/types\/page"}],"author":[{"embeddable":true,"href":"https:\/\/praxis-hujer.de\/fr\/wp-json\/wp\/v2\/users\/1"}],"replies":[{"embeddable":true,"href":"https:\/\/praxis-hujer.de\/fr\/wp-json\/wp\/v2\/comments?post=147"}],"version-history":[{"count":1,"href":"https:\/\/praxis-hujer.de\/fr\/wp-json\/wp\/v2\/pages\/147\/revisions"}],"predecessor-version":[{"id":487,"href":"https:\/\/praxis-hujer.de\/fr\/wp-json\/wp\/v2\/pages\/147\/revisions\/487"}],"up":[{"embeddable":true,"href":"https:\/\/praxis-hujer.de\/fr\/wp-json\/wp\/v2\/pages\/38"}],"wp:attachment":[{"href":"https:\/\/praxis-hujer.de\/fr\/wp-json\/wp\/v2\/media?parent=147"}],"curies":[{"name":"wp","href":"https:\/\/api.w.org\/{rel}","templated":true}]}}