{"id":142,"date":"2018-10-14T12:23:27","date_gmt":"2018-10-14T12:23:27","guid":{"rendered":"http:\/\/praxis-hujer.de\/?page_id=142"},"modified":"2023-06-26T08:25:38","modified_gmt":"2023-06-26T08:25:38","slug":"frueherkennung-und-vorsorge","status":"publish","type":"page","link":"https:\/\/praxis-hujer.de\/fr\/unser-leistungsspektrum\/frueherkennung-und-vorsorge\/","title":{"rendered":"D\u00e9tection et pr\u00e9vention pr\u00e9coces"},"content":{"rendered":"<p>Pourquoi se faire examiner quand rien ne fait mal ? De nombreuses maladies comme l'hypertension art\u00e9rielle, le diab\u00e8te, les maladies r\u00e9nales, etc. commencent discr\u00e8tement, mais peuvent mener \u00e0 de graves maladies cardiovasculaires avec le temps. Les examens de d\u00e9tection pr\u00e9coce permettent d'identifier les risques \u00e0 un stade pr\u00e9coce, de sorte que, dans l'id\u00e9al, il n'y a pas lieu de se plaindre d\u00e8s le d\u00e9part.<\/p>\n<p>Quels sont les tests de d\u00e9tection pr\u00e9coce disponibles ?<\/p>\n<h4>Check Up 35<\/h4>\n<p><em>(tous les 3 ans \u00e0 partir de 35 ans)<\/em><\/p>\n<p>Objectif : D\u00e9tection pr\u00e9coce des maladies cardiovasculaires, du diab\u00e8te et des maladies r\u00e9nales.<\/p>\n<ul>\n<li>Comprend les analyses sanguines pour le cholest\u00e9rol, la glyc\u00e9mie et l'urine ainsi que l'examen physique et les conseils.<\/li>\n<\/ul>\n<h4>Examen du cancer de la peau<\/h4>\n<p><em>(tous les 2 ans \u00e0 partir de 35 ans)<\/em><\/p>\n<p>Examen de l'ensemble de la peau pour le cancer de la peau blanche et noire. En cas d'anomalies, un microscope \u00e0 lumi\u00e8re incidente est utilis\u00e9 (dermatoscope). Conseils sur les r\u00e9sultats et les comportements \u00e0 risque.<\/p>\n<h4>D\u00e9tection pr\u00e9coce et pr\u00e9vention du cancer chez les hommes<\/h4>\n<p><em>(annuellement \u00e0 partir de 45 ans)<\/em><\/p>\n<p>Examen de la prostate et des ganglions lymphatiques locaux, consultation, etc.<\/p>\n<h4>D\u00e9tection pr\u00e9coce du cancer colorectal<\/h4>\n<p><em>(\u00e0 partir de 50 ans)<\/em><\/p>\n<p>50 - 54 ans : examen annuel de la pr\u00e9sence de sang invisible dans les selles \u00e0 l'aide d'un \u00e9chantillon de selles<\/p>\n<p>55 ans et plus : deux coloscopies tous les 10 ans ou tous les 2 ans Test de d\u00e9pistage du sang invisible dans les selles<\/p>\n<h4>D\u00e9tection pr\u00e9coce de l'an\u00e9vrisme de l'aorte abdominale (extension de l'aorte)<\/h4>\n<p><em>(une fois \u00e0 partir de 65 ans pour les hommes)<\/em><\/p>\n<p>Conseils, \u00e9chographie de l'aorte une fois per vis<\/p>\n<p><strong>Les assur\u00e9s priv\u00e9s ont \u00e9galement la possibilit\u00e9 de participer \u00e0 des examens de d\u00e9pistage pr\u00e9coce. N'h\u00e9sitez pas \u00e0 nous contacter.<\/strong><\/p>\n<p style=\"text-align: center;\"><a class=\"maxbutton-3 maxbutton maxbutton-sprechstundentermin-vereinbaren\" target=\"_blank\" title=\"Il suffit de prendre rendez-vous en ligne pour conna\u00eetre nos heures de consultation d\u00e8s maintenant.\" rel=\"nofollow noopener\" href=\"https:\/\/tcapp.de\/hujer\/\"><span class='mb-text'>Prenez rendez-vous pour un traitement<\/span><\/a><\/p>","protected":false},"excerpt":{"rendered":"<p class=\"qua-blog-post-description\">Warum sich untersuchen lassen, wenn einem nichts weh tut? Viele Erkrankungen wie Bluthochdruck, Diabetes, Nierenerkrankungen etc. beginnen unauff\u00e4llig, k\u00f6nnen aber im Laufe der Zeit zu ernsthaften Herz-Kreislauf-Erkrankungen f\u00fchren. Durch Fr\u00fcherkennungsuntersuchungen k\u00f6nnen Risiken fr\u00fchzeitig erkannt werden, sodass im Idealfall gar nicht erst Beschwerden entstehen. Welche Fr\u00fcherkennungsuntersuchungen gibt es? Check Up 35 (alle 3 Jahre ab dem [&hellip;]<\/p>","protected":false},"author":1,"featured_media":0,"parent":38,"menu_order":0,"comment_status":"closed","ping_status":"closed","template":"","meta":{"footnotes":""},"class_list":["post-142","page","type-page","status-publish","hentry"],"yoast_head":"<!-- This site is optimized with the Yoast SEO plugin v24.1 - https:\/\/yoast.com\/wordpress\/plugins\/seo\/ -->\n<title>Fr\u00fcherkennung und Vorsorge | Hausarztpraxis Hujer<\/title>\n<meta name=\"robots\" content=\"index, follow, max-snippet:-1, max-image-preview:large, max-video-preview:-1\" \/>\n<link rel=\"canonical\" href=\"https:\/\/praxis-hujer.de\/fr\/unser-leistungsspektrum\/frueherkennung-und-vorsorge\/\" \/>\n<meta property=\"og:locale\" content=\"fr_FR\" \/>\n<meta property=\"og:type\" content=\"article\" \/>\n<meta property=\"og:title\" content=\"Fr\u00fcherkennung und Vorsorge | Hausarztpraxis Hujer\" \/>\n<meta property=\"og:description\" content=\"Warum sich untersuchen lassen, wenn einem nichts weh tut? Viele Erkrankungen wie Bluthochdruck, Diabetes, Nierenerkrankungen etc. beginnen unauff\u00e4llig, k\u00f6nnen aber im Laufe der Zeit zu ernsthaften Herz-Kreislauf-Erkrankungen f\u00fchren. Durch Fr\u00fcherkennungsuntersuchungen k\u00f6nnen Risiken fr\u00fchzeitig erkannt werden, sodass im Idealfall gar nicht erst Beschwerden entstehen. Welche Fr\u00fcherkennungsuntersuchungen gibt es? Check Up 35 (alle 3 Jahre ab dem [&hellip;]\" \/>\n<meta property=\"og:url\" content=\"https:\/\/praxis-hujer.de\/fr\/unser-leistungsspektrum\/frueherkennung-und-vorsorge\/\" \/>\n<meta property=\"og:site_name\" content=\"Hausarztpraxis Hujer\" \/>\n<meta property=\"article:modified_time\" content=\"2023-06-26T08:25:38+00:00\" \/>\n<meta name=\"twitter:card\" content=\"summary_large_image\" \/>\n<!-- \/ Yoast SEO plugin. -->","yoast_head_json":{"title":"Fr\u00fcherkennung und Vorsorge | Hausarztpraxis Hujer","robots":{"index":"index","follow":"follow","max-snippet":"max-snippet:-1","max-image-preview":"max-image-preview:large","max-video-preview":"max-video-preview:-1"},"canonical":"https:\/\/praxis-hujer.de\/fr\/unser-leistungsspektrum\/frueherkennung-und-vorsorge\/","og_locale":"fr_FR","og_type":"article","og_title":"Fr\u00fcherkennung und Vorsorge | Hausarztpraxis Hujer","og_description":"Warum sich untersuchen lassen, wenn einem nichts weh tut? Viele Erkrankungen wie Bluthochdruck, Diabetes, Nierenerkrankungen etc. beginnen unauff\u00e4llig, k\u00f6nnen aber im Laufe der Zeit zu ernsthaften Herz-Kreislauf-Erkrankungen f\u00fchren. Durch Fr\u00fcherkennungsuntersuchungen k\u00f6nnen Risiken fr\u00fchzeitig erkannt werden, sodass im Idealfall gar nicht erst Beschwerden entstehen. Welche Fr\u00fcherkennungsuntersuchungen gibt es? Check Up 35 (alle 3 Jahre ab dem [&hellip;]","og_url":"https:\/\/praxis-hujer.de\/fr\/unser-leistungsspektrum\/frueherkennung-und-vorsorge\/","og_site_name":"Hausarztpraxis Hujer","article_modified_time":"2023-06-26T08:25:38+00:00","twitter_card":"summary_large_image","schema":{"@context":"https:\/\/schema.org","@graph":[{"@type":"WebPage","@id":"https:\/\/praxis-hujer.de\/unser-leistungsspektrum\/frueherkennung-und-vorsorge\/","url":"https:\/\/praxis-hujer.de\/unser-leistungsspektrum\/frueherkennung-und-vorsorge\/","name":"Fr\u00fcherkennung und Vorsorge | Hausarztpraxis Hujer","isPartOf":{"@id":"https:\/\/praxis-hujer.de\/#website"},"datePublished":"2018-10-14T12:23:27+00:00","dateModified":"2023-06-26T08:25:38+00:00","breadcrumb":{"@id":"https:\/\/praxis-hujer.de\/unser-leistungsspektrum\/frueherkennung-und-vorsorge\/#breadcrumb"},"inLanguage":"fr-FR","potentialAction":[{"@type":"ReadAction","target":["https:\/\/praxis-hujer.de\/unser-leistungsspektrum\/frueherkennung-und-vorsorge\/"]}]},{"@type":"BreadcrumbList","@id":"https:\/\/praxis-hujer.de\/unser-leistungsspektrum\/frueherkennung-und-vorsorge\/#breadcrumb","itemListElement":[{"@type":"ListItem","position":1,"name":"Startseite","item":"https:\/\/praxis-hujer.de\/"},{"@type":"ListItem","position":2,"name":"Leistungen","item":"https:\/\/praxis-hujer.de\/unser-leistungsspektrum\/"},{"@type":"ListItem","position":3,"name":"Fr\u00fcherkennung und Vorsorge"}]},{"@type":"WebSite","@id":"https:\/\/praxis-hujer.de\/#website","url":"https:\/\/praxis-hujer.de\/","name":"Hausarztpraxis Hujer","description":"Ihre Hausarztpraxis in der Dresdner Neustadt","publisher":{"@id":"https:\/\/praxis-hujer.de\/#organization"},"potentialAction":[{"@type":"SearchAction","target":{"@type":"EntryPoint","urlTemplate":"https:\/\/praxis-hujer.de\/?s={search_term_string}"},"query-input":{"@type":"PropertyValueSpecification","valueRequired":true,"valueName":"search_term_string"}}],"inLanguage":"fr-FR"},{"@type":"Organization","@id":"https:\/\/praxis-hujer.de\/#organization","name":"Hausarztpraxis Hujer","url":"https:\/\/praxis-hujer.de\/","logo":{"@type":"ImageObject","inLanguage":"fr-FR","@id":"https:\/\/praxis-hujer.de\/#\/schema\/logo\/image\/","url":"https:\/\/praxis-hujer.de\/wp-content\/uploads\/2018\/05\/HAUSARZTPRAXIS-final-file-01.png","contentUrl":"https:\/\/praxis-hujer.de\/wp-content\/uploads\/2018\/05\/HAUSARZTPRAXIS-final-file-01.png","width":1800,"height":1200,"caption":"Hausarztpraxis Hujer"},"image":{"@id":"https:\/\/praxis-hujer.de\/#\/schema\/logo\/image\/"}}]}},"_links":{"self":[{"href":"https:\/\/praxis-hujer.de\/fr\/wp-json\/wp\/v2\/pages\/142"}],"collection":[{"href":"https:\/\/praxis-hujer.de\/fr\/wp-json\/wp\/v2\/pages"}],"about":[{"href":"https:\/\/praxis-hujer.de\/fr\/wp-json\/wp\/v2\/types\/page"}],"author":[{"embeddable":true,"href":"https:\/\/praxis-hujer.de\/fr\/wp-json\/wp\/v2\/users\/1"}],"replies":[{"embeddable":true,"href":"https:\/\/praxis-hujer.de\/fr\/wp-json\/wp\/v2\/comments?post=142"}],"version-history":[{"count":2,"href":"https:\/\/praxis-hujer.de\/fr\/wp-json\/wp\/v2\/pages\/142\/revisions"}],"predecessor-version":[{"id":600,"href":"https:\/\/praxis-hujer.de\/fr\/wp-json\/wp\/v2\/pages\/142\/revisions\/600"}],"up":[{"embeddable":true,"href":"https:\/\/praxis-hujer.de\/fr\/wp-json\/wp\/v2\/pages\/38"}],"wp:attachment":[{"href":"https:\/\/praxis-hujer.de\/fr\/wp-json\/wp\/v2\/media?parent=142"}],"curies":[{"name":"wp","href":"https:\/\/api.w.org\/{rel}","templated":true}]}}