{"id":137,"date":"2018-10-14T12:12:44","date_gmt":"2018-10-14T12:12:44","guid":{"rendered":"http:\/\/praxis-hujer.de\/?page_id=137"},"modified":"2021-03-11T20:09:31","modified_gmt":"2021-03-11T20:09:31","slug":"atemwegs-diagnostik","status":"publish","type":"page","link":"https:\/\/praxis-hujer.de\/fr\/unser-leistungsspektrum\/atemwegs-diagnostik\/","title":{"rendered":"Diagnostic respiratoire"},"content":{"rendered":"<p><strong>Le cabinet de notre m\u00e9decin g\u00e9n\u00e9raliste \u00e0 Dresde Neustadt dispose d'un spirom\u00e8tre qui permet de mesurer la fonction pulmonaire.<\/strong><\/p>\n<p>&nbsp;<\/p>\n<h4>diagnostic de la fonction pulmonaire<\/h4>\n<p>Par l'expiration et l'inhalation dans un embout buccal sp\u00e9cial, le volume respiratoire et la vitesse d'\u00e9coulement de l'air sont mesur\u00e9s par le Cumputer. Des diagrammes d'\u00e9coulement peuvent \u00eatre cr\u00e9\u00e9s en inhalant et en expirant \u00e0 diff\u00e9rentes vitesses pour fournir des informations sur la pr\u00e9sence de maladies pulmonaires. Dans le cas de l'asthme ou d'une maladie pulmonaire inflammatoire chronique, des mesures comparatives peuvent montrer l'\u00e9volution et l'\u00e9tat actuel de la maladie.<\/p>\n<p>&nbsp;<\/p>\n<h4>Programme de gestion des maladies pour la maladie pulmonaire obstructive chronique<\/h4>\n<p>En cas de maladie existante, il est possible de participer \u00e0 un programme de gestion des maladies (DMP). Gr\u00e2ce \u00e0 des examens m\u00e9dicaux r\u00e9guliers, la maladie doit \u00eatre trait\u00e9e conform\u00e9ment aux derni\u00e8res d\u00e9couvertes m\u00e9dicales, toute d\u00e9t\u00e9rioration doit \u00eatre d\u00e9tect\u00e9e rapidement et la qualit\u00e9 de vie et la dur\u00e9e de vie doivent donc \u00eatre am\u00e9lior\u00e9es. Pour les patients couverts par l'assurance maladie obligatoire, les DMPS sont gratuits, mais dans certains cas, ils sont une condition pr\u00e9alable \u00e0 d'autres services, tels que la formation.<\/p>\n<p style=\"text-align: center;\"><a class=\"maxbutton-3 maxbutton maxbutton-sprechstundentermin-vereinbaren\" target=\"_blank\" title=\"Il suffit de prendre rendez-vous en ligne pour conna\u00eetre nos heures de consultation d\u00e8s maintenant.\" rel=\"nofollow noopener\" href=\"https:\/\/tcapp.de\/hujer\/\"><span class='mb-text'>Prenez rendez-vous pour un traitement<\/span><\/a><\/p>","protected":false},"excerpt":{"rendered":"<p class=\"qua-blog-post-description\">Unsere Hausarztpraxis in der Dresdner Neustadt verf\u00fcgt \u00fcber ein Spirometer. mit dem\u00a0die Lungenfunktion gemessen werden kann. &nbsp; Lungenfunktionsdiagnostik Durch Aus- und Einatmung in ein spezielles Mundst\u00fcck wird \u00fcber den Cumputer das Atemvolumen und die Luftflussgeschwindigkeit gemessen. Durch verschieden schnelle Ein- und Ausatemgeschwindigkeiten k\u00f6nnen Flussdiagramme erstellt werden, die eine Aussage \u00fcber das Vorliegen von Lungenerkrankungen erm\u00f6glichen. [&hellip;]<\/p>","protected":false},"author":1,"featured_media":0,"parent":38,"menu_order":0,"comment_status":"closed","ping_status":"closed","template":"","meta":{"footnotes":""},"class_list":["post-137","page","type-page","status-publish","hentry"],"yoast_head":"<!-- This site is optimized with the Yoast SEO plugin v24.1 - https:\/\/yoast.com\/wordpress\/plugins\/seo\/ -->\n<title>Atemwegs-Diagnostik | Hausarztpraxis Hujer<\/title>\n<meta name=\"robots\" content=\"index, follow, max-snippet:-1, max-image-preview:large, max-video-preview:-1\" \/>\n<link rel=\"canonical\" href=\"https:\/\/praxis-hujer.de\/fr\/unser-leistungsspektrum\/atemwegs-diagnostik\/\" \/>\n<meta property=\"og:locale\" content=\"fr_FR\" \/>\n<meta property=\"og:type\" content=\"article\" \/>\n<meta property=\"og:title\" content=\"Atemwegs-Diagnostik | Hausarztpraxis Hujer\" \/>\n<meta property=\"og:description\" content=\"Unsere Hausarztpraxis in der Dresdner Neustadt verf\u00fcgt \u00fcber ein Spirometer. mit dem\u00a0die Lungenfunktion gemessen werden kann. &nbsp; Lungenfunktionsdiagnostik Durch Aus- und Einatmung in ein spezielles Mundst\u00fcck wird \u00fcber den Cumputer das Atemvolumen und die Luftflussgeschwindigkeit gemessen. Durch verschieden schnelle Ein- und Ausatemgeschwindigkeiten k\u00f6nnen Flussdiagramme erstellt werden, die eine Aussage \u00fcber das Vorliegen von Lungenerkrankungen erm\u00f6glichen. [&hellip;]\" \/>\n<meta property=\"og:url\" content=\"https:\/\/praxis-hujer.de\/fr\/unser-leistungsspektrum\/atemwegs-diagnostik\/\" \/>\n<meta property=\"og:site_name\" content=\"Hausarztpraxis Hujer\" \/>\n<meta property=\"article:modified_time\" content=\"2021-03-11T20:09:31+00:00\" \/>\n<meta name=\"twitter:card\" content=\"summary_large_image\" \/>\n<!-- \/ Yoast SEO plugin. -->","yoast_head_json":{"title":"Atemwegs-Diagnostik | Hausarztpraxis Hujer","robots":{"index":"index","follow":"follow","max-snippet":"max-snippet:-1","max-image-preview":"max-image-preview:large","max-video-preview":"max-video-preview:-1"},"canonical":"https:\/\/praxis-hujer.de\/fr\/unser-leistungsspektrum\/atemwegs-diagnostik\/","og_locale":"fr_FR","og_type":"article","og_title":"Atemwegs-Diagnostik | Hausarztpraxis Hujer","og_description":"Unsere Hausarztpraxis in der Dresdner Neustadt verf\u00fcgt \u00fcber ein Spirometer. mit dem\u00a0die Lungenfunktion gemessen werden kann. &nbsp; Lungenfunktionsdiagnostik Durch Aus- und Einatmung in ein spezielles Mundst\u00fcck wird \u00fcber den Cumputer das Atemvolumen und die Luftflussgeschwindigkeit gemessen. Durch verschieden schnelle Ein- und Ausatemgeschwindigkeiten k\u00f6nnen Flussdiagramme erstellt werden, die eine Aussage \u00fcber das Vorliegen von Lungenerkrankungen erm\u00f6glichen. [&hellip;]","og_url":"https:\/\/praxis-hujer.de\/fr\/unser-leistungsspektrum\/atemwegs-diagnostik\/","og_site_name":"Hausarztpraxis Hujer","article_modified_time":"2021-03-11T20:09:31+00:00","twitter_card":"summary_large_image","schema":{"@context":"https:\/\/schema.org","@graph":[{"@type":"WebPage","@id":"https:\/\/praxis-hujer.de\/unser-leistungsspektrum\/atemwegs-diagnostik\/","url":"https:\/\/praxis-hujer.de\/unser-leistungsspektrum\/atemwegs-diagnostik\/","name":"Atemwegs-Diagnostik | Hausarztpraxis Hujer","isPartOf":{"@id":"https:\/\/praxis-hujer.de\/#website"},"datePublished":"2018-10-14T12:12:44+00:00","dateModified":"2021-03-11T20:09:31+00:00","breadcrumb":{"@id":"https:\/\/praxis-hujer.de\/unser-leistungsspektrum\/atemwegs-diagnostik\/#breadcrumb"},"inLanguage":"fr-FR","potentialAction":[{"@type":"ReadAction","target":["https:\/\/praxis-hujer.de\/unser-leistungsspektrum\/atemwegs-diagnostik\/"]}]},{"@type":"BreadcrumbList","@id":"https:\/\/praxis-hujer.de\/unser-leistungsspektrum\/atemwegs-diagnostik\/#breadcrumb","itemListElement":[{"@type":"ListItem","position":1,"name":"Startseite","item":"https:\/\/praxis-hujer.de\/"},{"@type":"ListItem","position":2,"name":"Leistungen","item":"https:\/\/praxis-hujer.de\/unser-leistungsspektrum\/"},{"@type":"ListItem","position":3,"name":"Atemwegs-Diagnostik"}]},{"@type":"WebSite","@id":"https:\/\/praxis-hujer.de\/#website","url":"https:\/\/praxis-hujer.de\/","name":"Hausarztpraxis Hujer","description":"Ihre Hausarztpraxis in der Dresdner Neustadt","publisher":{"@id":"https:\/\/praxis-hujer.de\/#organization"},"potentialAction":[{"@type":"SearchAction","target":{"@type":"EntryPoint","urlTemplate":"https:\/\/praxis-hujer.de\/?s={search_term_string}"},"query-input":{"@type":"PropertyValueSpecification","valueRequired":true,"valueName":"search_term_string"}}],"inLanguage":"fr-FR"},{"@type":"Organization","@id":"https:\/\/praxis-hujer.de\/#organization","name":"Hausarztpraxis Hujer","url":"https:\/\/praxis-hujer.de\/","logo":{"@type":"ImageObject","inLanguage":"fr-FR","@id":"https:\/\/praxis-hujer.de\/#\/schema\/logo\/image\/","url":"https:\/\/praxis-hujer.de\/wp-content\/uploads\/2018\/05\/HAUSARZTPRAXIS-final-file-01.png","contentUrl":"https:\/\/praxis-hujer.de\/wp-content\/uploads\/2018\/05\/HAUSARZTPRAXIS-final-file-01.png","width":1800,"height":1200,"caption":"Hausarztpraxis Hujer"},"image":{"@id":"https:\/\/praxis-hujer.de\/#\/schema\/logo\/image\/"}}]}},"_links":{"self":[{"href":"https:\/\/praxis-hujer.de\/fr\/wp-json\/wp\/v2\/pages\/137"}],"collection":[{"href":"https:\/\/praxis-hujer.de\/fr\/wp-json\/wp\/v2\/pages"}],"about":[{"href":"https:\/\/praxis-hujer.de\/fr\/wp-json\/wp\/v2\/types\/page"}],"author":[{"embeddable":true,"href":"https:\/\/praxis-hujer.de\/fr\/wp-json\/wp\/v2\/users\/1"}],"replies":[{"embeddable":true,"href":"https:\/\/praxis-hujer.de\/fr\/wp-json\/wp\/v2\/comments?post=137"}],"version-history":[{"count":1,"href":"https:\/\/praxis-hujer.de\/fr\/wp-json\/wp\/v2\/pages\/137\/revisions"}],"predecessor-version":[{"id":483,"href":"https:\/\/praxis-hujer.de\/fr\/wp-json\/wp\/v2\/pages\/137\/revisions\/483"}],"up":[{"embeddable":true,"href":"https:\/\/praxis-hujer.de\/fr\/wp-json\/wp\/v2\/pages\/38"}],"wp:attachment":[{"href":"https:\/\/praxis-hujer.de\/fr\/wp-json\/wp\/v2\/media?parent=137"}],"curies":[{"name":"wp","href":"https:\/\/api.w.org\/{rel}","templated":true}]}}