{"id":134,"date":"2018-10-14T12:08:50","date_gmt":"2018-10-14T12:08:50","guid":{"rendered":"http:\/\/praxis-hujer.de\/?page_id=134"},"modified":"2021-03-11T20:12:30","modified_gmt":"2021-03-11T20:12:30","slug":"palliativmedizin","status":"publish","type":"page","link":"https:\/\/praxis-hujer.de\/fr\/unser-leistungsspektrum\/palliativmedizin\/","title":{"rendered":"soins palliatifs"},"content":{"rendered":"<p><em>\"Il ne s'agit pas de donner la vie plus de jours, il s'agit de donner des jours plus de vie.\"<\/em><\/p>\n<p>Cicely Saunders<\/p>\n<p>&nbsp;<\/p>\n<p>Dans le cas de maladies incurables, l'objectif est de pr\u00e9server la qualit\u00e9 de vie des personnes touch\u00e9es et de leurs familles et de soulager la souffrance, l'anxi\u00e9t\u00e9 et la douleur. Les maladies ne doivent pas toujours \u00eatre des maladies canc\u00e9reuses, aussi beaucoup de maladies neurologiques, psychiatriques et internes peuvent rendre un soutien m\u00e9dical intensif n\u00e9cessaire dans la derni\u00e8re phase de la maladie. En tant que m\u00e9decin g\u00e9n\u00e9raliste, j'aimerais \u00eatre une personne de confiance qui peut vous accompagner jusqu'au bout - dans un environnement dans lequel les patients se sentent \u00e0 l'aise et bien trait\u00e9s. Si les possibilit\u00e9s de notre m\u00e9decin de famille ne suffisent pas dans certaines situations, nous travaillons en collaboration avec les services de soins palliatifs ambulatoires sp\u00e9cialis\u00e9s, les services infirmiers sp\u00e9cialis\u00e9s et le service de soins palliatifs ambulatoires.<\/p>\n<p>&nbsp;<\/p>\n<p style=\"text-align: center;\"><a class=\"maxbutton-3 maxbutton maxbutton-sprechstundentermin-vereinbaren\" target=\"_blank\" title=\"Il suffit de prendre rendez-vous en ligne pour conna\u00eetre nos heures de consultation d\u00e8s maintenant.\" rel=\"nofollow noopener\" href=\"https:\/\/tcapp.de\/hujer\/\"><span class='mb-text'>Vereinbaren Sie ein pers\u00f6nliches Gespr\u00e4ch<\/span><\/a><\/p>","protected":false},"excerpt":{"rendered":"<p class=\"qua-blog-post-description\">\u201eEs geht nicht darum, dem Leben mehr Tage zu geben, sondern den Tagen mehr Leben\u201c Cicely Saunders &nbsp; Bei unheilbaren Erkrankungen geht es darum den betroffenen Menschen und Angeh\u00f6rigen die Lebensqualit\u00e4t zu erhalten und Leiden, \u00c4ngste und Schmerzen zu lindern. Die Erkrankungen m\u00fcssen nicht immer Krebserkrankungen sein, auch viele neurologische, psychiatrische und internistische Erkrankungen k\u00f6nnen [&hellip;]<\/p>","protected":false},"author":1,"featured_media":0,"parent":38,"menu_order":0,"comment_status":"closed","ping_status":"closed","template":"","meta":{"footnotes":""},"class_list":["post-134","page","type-page","status-publish","hentry"],"yoast_head":"<!-- This site is optimized with the Yoast SEO plugin v24.1 - https:\/\/yoast.com\/wordpress\/plugins\/seo\/ -->\n<title>Palliativmedizin | Hausarztpraxis Hujer<\/title>\n<meta name=\"robots\" content=\"index, follow, max-snippet:-1, max-image-preview:large, max-video-preview:-1\" \/>\n<link rel=\"canonical\" href=\"https:\/\/praxis-hujer.de\/fr\/unser-leistungsspektrum\/palliativmedizin\/\" \/>\n<meta property=\"og:locale\" content=\"fr_FR\" \/>\n<meta property=\"og:type\" content=\"article\" \/>\n<meta property=\"og:title\" content=\"Palliativmedizin | Hausarztpraxis Hujer\" \/>\n<meta property=\"og:description\" content=\"\u201eEs geht nicht darum, dem Leben mehr Tage zu geben, sondern den Tagen mehr Leben\u201c Cicely Saunders &nbsp; Bei unheilbaren Erkrankungen geht es darum den betroffenen Menschen und Angeh\u00f6rigen die Lebensqualit\u00e4t zu erhalten und Leiden, \u00c4ngste und Schmerzen zu lindern. Die Erkrankungen m\u00fcssen nicht immer Krebserkrankungen sein, auch viele neurologische, psychiatrische und internistische Erkrankungen k\u00f6nnen [&hellip;]\" \/>\n<meta property=\"og:url\" content=\"https:\/\/praxis-hujer.de\/fr\/unser-leistungsspektrum\/palliativmedizin\/\" \/>\n<meta property=\"og:site_name\" content=\"Hausarztpraxis Hujer\" \/>\n<meta property=\"article:modified_time\" content=\"2021-03-11T20:12:30+00:00\" \/>\n<meta name=\"twitter:card\" content=\"summary_large_image\" \/>\n<!-- \/ Yoast SEO plugin. -->","yoast_head_json":{"title":"Palliativmedizin | Hausarztpraxis Hujer","robots":{"index":"index","follow":"follow","max-snippet":"max-snippet:-1","max-image-preview":"max-image-preview:large","max-video-preview":"max-video-preview:-1"},"canonical":"https:\/\/praxis-hujer.de\/fr\/unser-leistungsspektrum\/palliativmedizin\/","og_locale":"fr_FR","og_type":"article","og_title":"Palliativmedizin | Hausarztpraxis Hujer","og_description":"\u201eEs geht nicht darum, dem Leben mehr Tage zu geben, sondern den Tagen mehr Leben\u201c Cicely Saunders &nbsp; Bei unheilbaren Erkrankungen geht es darum den betroffenen Menschen und Angeh\u00f6rigen die Lebensqualit\u00e4t zu erhalten und Leiden, \u00c4ngste und Schmerzen zu lindern. Die Erkrankungen m\u00fcssen nicht immer Krebserkrankungen sein, auch viele neurologische, psychiatrische und internistische Erkrankungen k\u00f6nnen [&hellip;]","og_url":"https:\/\/praxis-hujer.de\/fr\/unser-leistungsspektrum\/palliativmedizin\/","og_site_name":"Hausarztpraxis Hujer","article_modified_time":"2021-03-11T20:12:30+00:00","twitter_card":"summary_large_image","schema":{"@context":"https:\/\/schema.org","@graph":[{"@type":"WebPage","@id":"https:\/\/praxis-hujer.de\/unser-leistungsspektrum\/palliativmedizin\/","url":"https:\/\/praxis-hujer.de\/unser-leistungsspektrum\/palliativmedizin\/","name":"Palliativmedizin | Hausarztpraxis Hujer","isPartOf":{"@id":"https:\/\/praxis-hujer.de\/#website"},"datePublished":"2018-10-14T12:08:50+00:00","dateModified":"2021-03-11T20:12:30+00:00","breadcrumb":{"@id":"https:\/\/praxis-hujer.de\/unser-leistungsspektrum\/palliativmedizin\/#breadcrumb"},"inLanguage":"fr-FR","potentialAction":[{"@type":"ReadAction","target":["https:\/\/praxis-hujer.de\/unser-leistungsspektrum\/palliativmedizin\/"]}]},{"@type":"BreadcrumbList","@id":"https:\/\/praxis-hujer.de\/unser-leistungsspektrum\/palliativmedizin\/#breadcrumb","itemListElement":[{"@type":"ListItem","position":1,"name":"Startseite","item":"https:\/\/praxis-hujer.de\/"},{"@type":"ListItem","position":2,"name":"Leistungen","item":"https:\/\/praxis-hujer.de\/unser-leistungsspektrum\/"},{"@type":"ListItem","position":3,"name":"Palliativmedizin"}]},{"@type":"WebSite","@id":"https:\/\/praxis-hujer.de\/#website","url":"https:\/\/praxis-hujer.de\/","name":"Hausarztpraxis Hujer","description":"Ihre Hausarztpraxis in der Dresdner Neustadt","publisher":{"@id":"https:\/\/praxis-hujer.de\/#organization"},"potentialAction":[{"@type":"SearchAction","target":{"@type":"EntryPoint","urlTemplate":"https:\/\/praxis-hujer.de\/?s={search_term_string}"},"query-input":{"@type":"PropertyValueSpecification","valueRequired":true,"valueName":"search_term_string"}}],"inLanguage":"fr-FR"},{"@type":"Organization","@id":"https:\/\/praxis-hujer.de\/#organization","name":"Hausarztpraxis Hujer","url":"https:\/\/praxis-hujer.de\/","logo":{"@type":"ImageObject","inLanguage":"fr-FR","@id":"https:\/\/praxis-hujer.de\/#\/schema\/logo\/image\/","url":"https:\/\/praxis-hujer.de\/wp-content\/uploads\/2018\/05\/HAUSARZTPRAXIS-final-file-01.png","contentUrl":"https:\/\/praxis-hujer.de\/wp-content\/uploads\/2018\/05\/HAUSARZTPRAXIS-final-file-01.png","width":1800,"height":1200,"caption":"Hausarztpraxis Hujer"},"image":{"@id":"https:\/\/praxis-hujer.de\/#\/schema\/logo\/image\/"}}]}},"_links":{"self":[{"href":"https:\/\/praxis-hujer.de\/fr\/wp-json\/wp\/v2\/pages\/134"}],"collection":[{"href":"https:\/\/praxis-hujer.de\/fr\/wp-json\/wp\/v2\/pages"}],"about":[{"href":"https:\/\/praxis-hujer.de\/fr\/wp-json\/wp\/v2\/types\/page"}],"author":[{"embeddable":true,"href":"https:\/\/praxis-hujer.de\/fr\/wp-json\/wp\/v2\/users\/1"}],"replies":[{"embeddable":true,"href":"https:\/\/praxis-hujer.de\/fr\/wp-json\/wp\/v2\/comments?post=134"}],"version-history":[{"count":1,"href":"https:\/\/praxis-hujer.de\/fr\/wp-json\/wp\/v2\/pages\/134\/revisions"}],"predecessor-version":[{"id":489,"href":"https:\/\/praxis-hujer.de\/fr\/wp-json\/wp\/v2\/pages\/134\/revisions\/489"}],"up":[{"embeddable":true,"href":"https:\/\/praxis-hujer.de\/fr\/wp-json\/wp\/v2\/pages\/38"}],"wp:attachment":[{"href":"https:\/\/praxis-hujer.de\/fr\/wp-json\/wp\/v2\/media?parent=134"}],"curies":[{"name":"wp","href":"https:\/\/api.w.org\/{rel}","templated":true}]}}