{"id":126,"date":"2018-10-14T11:49:37","date_gmt":"2018-10-14T11:49:37","guid":{"rendered":"http:\/\/praxis-hujer.de\/?page_id=126"},"modified":"2021-03-11T20:10:28","modified_gmt":"2021-03-11T20:10:28","slug":"herz-kreislauf-diagnostik","status":"publish","type":"page","link":"https:\/\/praxis-hujer.de\/fr\/unser-leistungsspektrum\/herz-kreislauf-diagnostik\/","title":{"rendered":"diagnostic cardiovasculaire"},"content":{"rendered":"<p><strong>Dans notre cabinet m\u00e9dical de Dresde Neustadt, nous vous proposons diff\u00e9rentes options de diagnostic pour la d\u00e9tection et la surveillance des maladies cardiovasculaires.<\/strong><\/p>\n<p>&nbsp;<\/p>\n<ul>\n<li>\n<h4>ECG :<\/h4>\n<\/li>\n<\/ul>\n<p>Chaque battement cardiaque est bas\u00e9 sur une excitation \u00e9lectrique qui conduit finalement de l'impulsion via le syst\u00e8me de conduction \u00e9lectrique du c\u0153ur \u00e0 une contraction des cellules du muscle cardiaque et donc au battement cardiaque. Avec l'ECG, l'impulsion \u00e9lectrique et la transmission peuvent \u00eatre enregistr\u00e9es et ainsi certaines maladies cardiaques peuvent \u00eatre d\u00e9tect\u00e9es.<\/p>\n<p>&nbsp;<\/p>\n<ul>\n<li>\n<h4>ECG de long dur\u00e9e :<\/h4>\n<\/li>\n<\/ul>\n<p>Pendant 24 heures, un petit ECG portable et 3 \u00e9lectrodes adh\u00e9sives sur le haut du corps enregistrent la fr\u00e9quence cardiaque et la courbe de fr\u00e9quence cardiaque (activit\u00e9 \u00e9lectrique pendant un battement cardiaque). Cela permet de d\u00e9tecter les perturbations du rythme cardiaque qui surviennent pendant l'enregistrement.<\/p>\n<p>&nbsp;<\/p>\n<ul>\n<li>\n<h4>Mesure de la tension art\u00e9rielle \u00e0 long dur\u00e9e :<\/h4>\n<\/li>\n<\/ul>\n<p>Sur 24 heures, la tension art\u00e9rielle et le pouls sont mesur\u00e9s \u00e0 15 minutes d'intervalle \u00e0 l'aide d'un petit appareil portatif. La nuit, l'intervalle est port\u00e9 \u00e0 30 minutes. L'augmentation des lectures indique la pr\u00e9sence d'hypertension. Le comportement des valeurs de tension art\u00e9rielle pendant la journ\u00e9e par rapport \u00e0 la nuit peut \u00e9galement fournir des indications sur la cause de l'hypertension art\u00e9rielle.<\/p>\n<p>&nbsp;<\/p>\n<ul>\n<li>\n<h4>Programmes de gestion des maladies (PGD) pour l'insuffisance cardiaque et les maladies coronariennes :<\/h4>\n<\/li>\n<\/ul>\n<p>Si vous avez une maladie existante, nous vous offrons la possibilit\u00e9 de participer \u00e0 un programme de gestion des maladies (PGD). Gr\u00e2ce \u00e0 des examens m\u00e9dicaux r\u00e9guliers, la maladie est trait\u00e9e selon les derni\u00e8res d\u00e9couvertes m\u00e9dicales, la d\u00e9t\u00e9rioration est d\u00e9tect\u00e9e t\u00f4t et la qualit\u00e9 de vie et la dur\u00e9e de vie s'en trouve am\u00e9lior\u00e9e. Pour les patients couverts par l'assurance maladie obligatoire, les DMPS sont gratuits, mais dans certains cas, ils sont une condition pr\u00e9alable \u00e0 d'autres offres, telles que les cours de formation.<\/p>\n<p style=\"text-align: center;\"><a class=\"maxbutton-3 maxbutton maxbutton-sprechstundentermin-vereinbaren\" target=\"_blank\" title=\"Il suffit de prendre rendez-vous en ligne pour conna\u00eetre nos heures de consultation d\u00e8s maintenant.\" rel=\"nofollow noopener\" href=\"https:\/\/tcapp.de\/hujer\/\"><span class='mb-text'>Prenez rendez-vous pour un traitement<\/span><\/a><\/p>","protected":false},"excerpt":{"rendered":"<p class=\"qua-blog-post-description\">Wir bieten Ihnen in unserer Hausarztpraxis in der Dresdner Neustadt verschiedene Diagnostische M\u00f6glichkeiten zur Erkennung und \u00dcberwachung von Herz- und Kreislauferkrankungen. &nbsp; Ruhe EKG: Jedem Herzschlag liegt eine elektrische Erregung zugrunde die vom Impuls \u00fcber das herzeigene elektrische Leitungssystem letztlich zu einem Zusammenziehen der Herzmuskelzellen und damit dem Herzschlag f\u00fchrt. Mit dem EKG l\u00e4sst sich [&hellip;]<\/p>","protected":false},"author":1,"featured_media":0,"parent":38,"menu_order":0,"comment_status":"closed","ping_status":"closed","template":"","meta":{"footnotes":""},"class_list":["post-126","page","type-page","status-publish","hentry"],"yoast_head":"<!-- This site is optimized with the Yoast SEO plugin v24.1 - https:\/\/yoast.com\/wordpress\/plugins\/seo\/ -->\n<title>Herz-Kreislauf-Diagnostik | Hausarztpraxis Hujer<\/title>\n<meta name=\"robots\" content=\"index, follow, max-snippet:-1, max-image-preview:large, max-video-preview:-1\" \/>\n<link rel=\"canonical\" href=\"https:\/\/praxis-hujer.de\/fr\/unser-leistungsspektrum\/herz-kreislauf-diagnostik\/\" \/>\n<meta property=\"og:locale\" content=\"fr_FR\" \/>\n<meta property=\"og:type\" content=\"article\" \/>\n<meta property=\"og:title\" content=\"Herz-Kreislauf-Diagnostik | Hausarztpraxis Hujer\" \/>\n<meta property=\"og:description\" content=\"Wir bieten Ihnen in unserer Hausarztpraxis in der Dresdner Neustadt verschiedene Diagnostische M\u00f6glichkeiten zur Erkennung und \u00dcberwachung von Herz- und Kreislauferkrankungen. &nbsp; Ruhe EKG: Jedem Herzschlag liegt eine elektrische Erregung zugrunde die vom Impuls \u00fcber das herzeigene elektrische Leitungssystem letztlich zu einem Zusammenziehen der Herzmuskelzellen und damit dem Herzschlag f\u00fchrt. Mit dem EKG l\u00e4sst sich [&hellip;]\" \/>\n<meta property=\"og:url\" content=\"https:\/\/praxis-hujer.de\/fr\/unser-leistungsspektrum\/herz-kreislauf-diagnostik\/\" \/>\n<meta property=\"og:site_name\" content=\"Hausarztpraxis Hujer\" \/>\n<meta property=\"article:modified_time\" content=\"2021-03-11T20:10:28+00:00\" \/>\n<meta name=\"twitter:card\" content=\"summary_large_image\" \/>\n<!-- \/ Yoast SEO plugin. -->","yoast_head_json":{"title":"Herz-Kreislauf-Diagnostik | Hausarztpraxis Hujer","robots":{"index":"index","follow":"follow","max-snippet":"max-snippet:-1","max-image-preview":"max-image-preview:large","max-video-preview":"max-video-preview:-1"},"canonical":"https:\/\/praxis-hujer.de\/fr\/unser-leistungsspektrum\/herz-kreislauf-diagnostik\/","og_locale":"fr_FR","og_type":"article","og_title":"Herz-Kreislauf-Diagnostik | Hausarztpraxis Hujer","og_description":"Wir bieten Ihnen in unserer Hausarztpraxis in der Dresdner Neustadt verschiedene Diagnostische M\u00f6glichkeiten zur Erkennung und \u00dcberwachung von Herz- und Kreislauferkrankungen. &nbsp; Ruhe EKG: Jedem Herzschlag liegt eine elektrische Erregung zugrunde die vom Impuls \u00fcber das herzeigene elektrische Leitungssystem letztlich zu einem Zusammenziehen der Herzmuskelzellen und damit dem Herzschlag f\u00fchrt. Mit dem EKG l\u00e4sst sich [&hellip;]","og_url":"https:\/\/praxis-hujer.de\/fr\/unser-leistungsspektrum\/herz-kreislauf-diagnostik\/","og_site_name":"Hausarztpraxis Hujer","article_modified_time":"2021-03-11T20:10:28+00:00","twitter_card":"summary_large_image","schema":{"@context":"https:\/\/schema.org","@graph":[{"@type":"WebPage","@id":"https:\/\/praxis-hujer.de\/unser-leistungsspektrum\/herz-kreislauf-diagnostik\/","url":"https:\/\/praxis-hujer.de\/unser-leistungsspektrum\/herz-kreislauf-diagnostik\/","name":"Herz-Kreislauf-Diagnostik | Hausarztpraxis Hujer","isPartOf":{"@id":"https:\/\/praxis-hujer.de\/#website"},"datePublished":"2018-10-14T11:49:37+00:00","dateModified":"2021-03-11T20:10:28+00:00","breadcrumb":{"@id":"https:\/\/praxis-hujer.de\/unser-leistungsspektrum\/herz-kreislauf-diagnostik\/#breadcrumb"},"inLanguage":"fr-FR","potentialAction":[{"@type":"ReadAction","target":["https:\/\/praxis-hujer.de\/unser-leistungsspektrum\/herz-kreislauf-diagnostik\/"]}]},{"@type":"BreadcrumbList","@id":"https:\/\/praxis-hujer.de\/unser-leistungsspektrum\/herz-kreislauf-diagnostik\/#breadcrumb","itemListElement":[{"@type":"ListItem","position":1,"name":"Startseite","item":"https:\/\/praxis-hujer.de\/"},{"@type":"ListItem","position":2,"name":"Leistungen","item":"https:\/\/praxis-hujer.de\/unser-leistungsspektrum\/"},{"@type":"ListItem","position":3,"name":"Herz-Kreislauf-Diagnostik"}]},{"@type":"WebSite","@id":"https:\/\/praxis-hujer.de\/#website","url":"https:\/\/praxis-hujer.de\/","name":"Hausarztpraxis Hujer","description":"Ihre Hausarztpraxis in der Dresdner Neustadt","publisher":{"@id":"https:\/\/praxis-hujer.de\/#organization"},"potentialAction":[{"@type":"SearchAction","target":{"@type":"EntryPoint","urlTemplate":"https:\/\/praxis-hujer.de\/?s={search_term_string}"},"query-input":{"@type":"PropertyValueSpecification","valueRequired":true,"valueName":"search_term_string"}}],"inLanguage":"fr-FR"},{"@type":"Organization","@id":"https:\/\/praxis-hujer.de\/#organization","name":"Hausarztpraxis Hujer","url":"https:\/\/praxis-hujer.de\/","logo":{"@type":"ImageObject","inLanguage":"fr-FR","@id":"https:\/\/praxis-hujer.de\/#\/schema\/logo\/image\/","url":"https:\/\/praxis-hujer.de\/wp-content\/uploads\/2018\/05\/HAUSARZTPRAXIS-final-file-01.png","contentUrl":"https:\/\/praxis-hujer.de\/wp-content\/uploads\/2018\/05\/HAUSARZTPRAXIS-final-file-01.png","width":1800,"height":1200,"caption":"Hausarztpraxis Hujer"},"image":{"@id":"https:\/\/praxis-hujer.de\/#\/schema\/logo\/image\/"}}]}},"_links":{"self":[{"href":"https:\/\/praxis-hujer.de\/fr\/wp-json\/wp\/v2\/pages\/126"}],"collection":[{"href":"https:\/\/praxis-hujer.de\/fr\/wp-json\/wp\/v2\/pages"}],"about":[{"href":"https:\/\/praxis-hujer.de\/fr\/wp-json\/wp\/v2\/types\/page"}],"author":[{"embeddable":true,"href":"https:\/\/praxis-hujer.de\/fr\/wp-json\/wp\/v2\/users\/1"}],"replies":[{"embeddable":true,"href":"https:\/\/praxis-hujer.de\/fr\/wp-json\/wp\/v2\/comments?post=126"}],"version-history":[{"count":1,"href":"https:\/\/praxis-hujer.de\/fr\/wp-json\/wp\/v2\/pages\/126\/revisions"}],"predecessor-version":[{"id":485,"href":"https:\/\/praxis-hujer.de\/fr\/wp-json\/wp\/v2\/pages\/126\/revisions\/485"}],"up":[{"embeddable":true,"href":"https:\/\/praxis-hujer.de\/fr\/wp-json\/wp\/v2\/pages\/38"}],"wp:attachment":[{"href":"https:\/\/praxis-hujer.de\/fr\/wp-json\/wp\/v2\/media?parent=126"}],"curies":[{"name":"wp","href":"https:\/\/api.w.org\/{rel}","templated":true}]}}